{"id":705,"date":"2025-11-12T15:24:24","date_gmt":"2025-11-12T15:24:24","guid":{"rendered":"https:\/\/view.unaro.de\/?page_id=705"},"modified":"2025-11-12T16:15:44","modified_gmt":"2025-11-12T16:15:44","slug":"jobs","status":"publish","type":"page","link":"https:\/\/view.unaro.de\/index.php\/jobs\/","title":{"rendered":"Jobs"},"content":{"rendered":"\t\t<div data-elementor-type=\"wp-page\" data-elementor-id=\"705\" class=\"elementor elementor-705\">\n\t\t\t\t<div class=\"elementor-element elementor-element-580e3f1 e-flex e-con-boxed e-con e-parent\" data-id=\"580e3f1\" data-element_type=\"container\" data-settings=\"{&quot;background_background&quot;:&quot;classic&quot;}\">\n\t\t\t\t\t<div class=\"e-con-inner\">\n\t\t\t\t<div class=\"elementor-element elementor-element-10f6088 elementor-view-default elementor-widget elementor-widget-icon\" data-id=\"10f6088\" data-element_type=\"widget\" data-widget_type=\"icon.default\">\n\t\t\t\t<div class=\"elementor-widget-container\">\n\t\t\t\t\t\t\t<div class=\"elementor-icon-wrapper\">\n\t\t\t<div class=\"elementor-icon\">\n\t\t\t<svg xmlns=\"http:\/\/www.w3.org\/2000\/svg\" width=\"38\" height=\"28\" viewBox=\"0 0 38 28\" fill=\"none\"><path d=\"M33.1414 16.1572C34.7163 16.1668 36.1335 16.2574 37.2507 16.3574C36.1299 22.9668 30.3784 28 23.45 28C19.8968 28 16.6539 26.6752 14.1853 24.4941C15.5342 22.4824 17.7288 20.0584 21.1287 18.3584C24.7049 16.5703 29.3511 16.1342 33.1414 16.1572ZM23.45 0C31.1819 0 37.45 6.26801 37.45 14C37.45 14.3678 37.4348 14.7321 37.407 15.0928C36.803 14.8861 36.1268 14.6421 35.4207 14.3594C32.9492 13.3699 30.1874 11.9597 28.7576 10.2441C27.2822 8.47372 26.5875 7.17271 26.1941 6.32031C26.095 6.10555 26.0144 5.91789 25.9431 5.75293C25.8735 5.59184 25.809 5.44258 25.7468 5.32031C25.6867 5.20227 25.611 5.07266 25.5085 4.97168C25.4213 4.88587 25.3123 4.81833 25.1824 4.79004L25.0447 4.77539C24.8512 4.77553 24.7183 4.88626 24.6521 4.95312C24.58 5.02605 24.5199 5.11589 24.4705 5.19922C24.3704 5.36778 24.2598 5.60233 24.1394 5.86328C23.8923 6.39867 23.565 7.12547 23.0808 7.94824C22.1149 9.58948 20.5268 11.6109 17.7556 13.1504C15.5713 14.3639 12.7553 14.9807 10.4587 15.291C10.1333 15.335 9.81886 15.371 9.51929 15.4033C9.47335 14.9418 9.44995 14.4736 9.44995 14C9.44995 6.26801 15.718 0 23.45 0Z\" fill=\"#E4E3E8\"><\/path><path d=\"M7.54096 21C4.99069 18.7603 0 17.0607 0 17.0607C0 17.0607 12.7933 17.798 18.2933 14.798C23.7933 11.798 25.041 7 25.041 7C25.041 7 25.541 9.5 27.541 11.5C30.041 14 32.478 14.798 32.478 14.798C32.478 14.798 25.041 14.2472 18.541 18C13.4912 20.9155 11.1844 26.5717 11.1844 26.5717C11.1844 26.5717 9.77862 22.9651 7.54096 21Z\" fill=\"#E4E3E8\"><\/path><\/svg>\t\t\t<\/div>\n\t\t<\/div>\n\t\t\t\t\t\t<\/div>\n\t\t\t\t<\/div>\n\t\t<div class=\"elementor-element elementor-element-107d76b e-con-full elementor-hidden-tablet elementor-hidden-mobile e-flex e-con e-child\" data-id=\"107d76b\" data-element_type=\"container\">\n\t\t\t\t<div class=\"elementor-element elementor-element-0fd56c1 elementor-widget elementor-widget-heading\" data-id=\"0fd56c1\" data-element_type=\"widget\" data-widget_type=\"heading.default\">\n\t\t\t\t<div class=\"elementor-widget-container\">\n\t\t\t\t\t<h2 class=\"elementor-heading-title elementor-size-default\"><a href=\"https:\/\/view.unaro.de\/index.php\/home\/#uberuns\">\u00dcber Uns<\/a><\/h2>\t\t\t\t<\/div>\n\t\t\t\t<\/div>\n\t\t\t\t<div class=\"elementor-element elementor-element-f08f51d elementor-widget elementor-widget-heading\" data-id=\"f08f51d\" data-element_type=\"widget\" data-widget_type=\"heading.default\">\n\t\t\t\t<div class=\"elementor-widget-container\">\n\t\t\t\t\t<h2 class=\"elementor-heading-title elementor-size-default\"><a href=\"https:\/\/view.unaro.de\/index.php\/home\/#kunden\">Kunden<\/a><\/h2>\t\t\t\t<\/div>\n\t\t\t\t<\/div>\n\t\t\t\t<div class=\"elementor-element elementor-element-97bf2ad elementor-widget elementor-widget-heading\" data-id=\"97bf2ad\" data-element_type=\"widget\" data-widget_type=\"heading.default\">\n\t\t\t\t<div class=\"elementor-widget-container\">\n\t\t\t\t\t<h2 class=\"elementor-heading-title elementor-size-default\"><a href=\"https:\/\/view.unaro.de\/index.php\/home\/#kompetenzen\">Kompetenzen<\/a><\/h2>\t\t\t\t<\/div>\n\t\t\t\t<\/div>\n\t\t\t\t<div class=\"elementor-element elementor-element-c9eced5 elementor-widget elementor-widget-heading\" data-id=\"c9eced5\" data-element_type=\"widget\" data-widget_type=\"heading.default\">\n\t\t\t\t<div class=\"elementor-widget-container\">\n\t\t\t\t\t<h2 class=\"elementor-heading-title elementor-size-default\"><a href=\"https:\/\/view.unaro.de\/index.php\/home\/#projekte\">Projekte<\/a><\/h2>\t\t\t\t<\/div>\n\t\t\t\t<\/div>\n\t\t\t\t<div class=\"elementor-element elementor-element-880d5da elementor-widget elementor-widget-heading\" data-id=\"880d5da\" data-element_type=\"widget\" data-widget_type=\"heading.default\">\n\t\t\t\t<div class=\"elementor-widget-container\">\n\t\t\t\t\t<h2 class=\"elementor-heading-title elementor-size-default\"><a href=\"https:\/\/view.unaro.de\/index.php\/wissenschaft\/\">Wissenschaft<\/a><\/h2>\t\t\t\t<\/div>\n\t\t\t\t<\/div>\n\t\t\t\t<div class=\"elementor-element elementor-element-997aa3b elementor-widget elementor-widget-heading\" data-id=\"997aa3b\" data-element_type=\"widget\" data-widget_type=\"heading.default\">\n\t\t\t\t<div class=\"elementor-widget-container\">\n\t\t\t\t\t<h2 class=\"elementor-heading-title elementor-size-default\"><a href=\"https:\/\/view.unaro.de\/index.php\/zulassungen\/\">Zulassungen<\/a><\/h2>\t\t\t\t<\/div>\n\t\t\t\t<\/div>\n\t\t\t\t<div class=\"elementor-element elementor-element-3b73045 elementor-widget elementor-widget-heading\" data-id=\"3b73045\" data-element_type=\"widget\" data-widget_type=\"heading.default\">\n\t\t\t\t<div class=\"elementor-widget-container\">\n\t\t\t\t\t<h2 class=\"elementor-heading-title elementor-size-default\"><a href=\"https:\/\/view.unaro.de\/index.php\/jobs\/\">Jobs<\/a><\/h2>\t\t\t\t<\/div>\n\t\t\t\t<\/div>\n\t\t\t\t<\/div>\n\t\t\t\t<div class=\"elementor-element elementor-element-d0acece elementor-align-center elementor-hidden-tablet elementor-hidden-mobile elementor-widget elementor-widget-button\" data-id=\"d0acece\" data-element_type=\"widget\" data-widget_type=\"button.default\">\n\t\t\t\t<div class=\"elementor-widget-container\">\n\t\t\t\t\t\t\t\t\t<div class=\"elementor-button-wrapper\">\n\t\t\t\t\t<a class=\"elementor-button elementor-button-link elementor-size-sm\" href=\"#kontakt\">\n\t\t\t\t\t\t<span class=\"elementor-button-content-wrapper\">\n\t\t\t\t\t\t\t\t\t<span class=\"elementor-button-text\">Jetzt kontaktieren<\/span>\n\t\t\t\t\t<\/span>\n\t\t\t\t\t<\/a>\n\t\t\t\t<\/div>\n\t\t\t\t\t\t\t\t<\/div>\n\t\t\t\t<\/div>\n\t\t<div class=\"elementor-element elementor-element-ab29728 e-con-full elementor-hidden-desktop e-flex e-con e-child\" data-id=\"ab29728\" data-element_type=\"container\">\n\t\t\t\t<div class=\"elementor-element elementor-element-f2c79b1 elementor-align-center elementor-tablet-align-right elementor-hidden-desktop elementor-widget elementor-widget-button\" data-id=\"f2c79b1\" data-element_type=\"widget\" data-widget_type=\"button.default\">\n\t\t\t\t<div class=\"elementor-widget-container\">\n\t\t\t\t\t\t\t\t\t<div class=\"elementor-button-wrapper\">\n\t\t\t\t\t<a class=\"elementor-button elementor-button-link elementor-size-sm\" href=\"#\">\n\t\t\t\t\t\t<span class=\"elementor-button-content-wrapper\">\n\t\t\t\t\t\t\t\t\t<span class=\"elementor-button-text\">Kontakt<\/span>\n\t\t\t\t\t<\/span>\n\t\t\t\t\t<\/a>\n\t\t\t\t<\/div>\n\t\t\t\t\t\t\t\t<\/div>\n\t\t\t\t<\/div>\n\t\t\t\t<div class=\"elementor-element elementor-element-e97eb76 elementor-hidden-desktop eael-simple-menu-hamburger-align-right eael-hamburger--tablet elementor-widget elementor-widget-eael-simple-menu\" data-id=\"e97eb76\" data-element_type=\"widget\" data-widget_type=\"eael-simple-menu.default\">\n\t\t\t\t<div class=\"elementor-widget-container\">\n\t\t\t\t\t<style>\n                        @media screen and (max-width: 1024px) {\n                            .eael-hamburger--tablet {\n                                .eael-simple-menu-horizontal,\n                                .eael-simple-menu-vertical {\n                                    display: none;\n                                }\n                            }\n                            .eael-hamburger--tablet {\n                                .eael-simple-menu-container .eael-simple-menu-toggle {\n                                    display: block;\n                                }\n                            }\n                        }\n                    <\/style>            <div data-hamburger-icon=\"&lt;i aria-hidden=&quot;true&quot; class=&quot;fas fa-bars&quot;&gt;&lt;\/i&gt;\" data-indicator-icon=\"&lt;i aria-hidden=&quot;true&quot; class=&quot;fas fa-angle-down&quot;&gt;&lt;\/i&gt;\" data-dropdown-indicator-icon=\"&lt;i class=&quot;fas fa-angle-down&quot;&gt;&lt;\/i&gt;\" class=\"eael-simple-menu-container eael-simple-menu-align-left eael-simple-menu--stretch eael-simple-menu-dropdown-align-left preset-1\" data-hamburger-breakpoints=\"{&quot;mobile&quot;:&quot;Mobile Portrait (&gt; 767px)&quot;,&quot;tablet&quot;:&quot;Tablet Portrait (&gt; 1024px)&quot;,&quot;desktop&quot;:&quot;Desktop (&gt; 2400px)&quot;,&quot;none&quot;:&quot;None&quot;}\" data-hamburger-device=\"tablet\">\n                <ul id=\"menu-menu\" class=\"eael-simple-menu eael-simple-menu-dropdown-animate-to-top eael-simple-menu-indicator eael-simple-menu-vertical\"><li id=\"menu-item-206\" class=\"menu-item menu-item-type-custom menu-item-object-custom menu-item-home menu-item-206\"><a href=\"https:\/\/view.unaro.de\/#projekte\">Projekte<\/a><\/li>\n<li id=\"menu-item-207\" class=\"menu-item menu-item-type-custom menu-item-object-custom menu-item-home menu-item-207\"><a href=\"https:\/\/view.unaro.de\/#kompetenzen\">Kompetenzen<\/a><\/li>\n<\/ul>                <button class=\"eael-simple-menu-toggle\">\n                    <span class=\"sr-only \">Hamburger Toggle Menu<\/span>\n                    <i aria-hidden=\"true\" class=\"fas fa-bars\"><\/i>                <\/button>\n            <\/div>\n            \t\t\t\t<\/div>\n\t\t\t\t<\/div>\n\t\t\t\t<\/div>\n\t\t\t\t\t<\/div>\n\t\t\t\t<\/div>\n\t\t<div class=\"elementor-element elementor-element-7118a3f e-flex e-con-boxed e-con e-parent\" data-id=\"7118a3f\" data-element_type=\"container\">\n\t\t\t\t\t<div class=\"e-con-inner\">\n\t\t<div class=\"elementor-element elementor-element-00c992f e-con-full e-flex e-con e-child\" data-id=\"00c992f\" data-element_type=\"container\">\n\t\t<div class=\"elementor-element elementor-element-ead3e93 e-con-full e-flex e-con e-child\" data-id=\"ead3e93\" data-element_type=\"container\">\n\t\t\t\t<\/div>\n\t\t<div class=\"elementor-element elementor-element-0d7cf99 e-con-full e-flex e-con e-child\" data-id=\"0d7cf99\" data-element_type=\"container\">\n\t\t\t\t<div class=\"elementor-element elementor-element-89c2255 elementor-widget__width-inherit elementor-widget elementor-widget-heading\" data-id=\"89c2255\" data-element_type=\"widget\" data-widget_type=\"heading.default\">\n\t\t\t\t<div class=\"elementor-widget-container\">\n\t\t\t\t\t<h2 class=\"elementor-heading-title elementor-size-default\">Jobs<\/h2>\t\t\t\t<\/div>\n\t\t\t\t<\/div>\n\t\t\t\t<\/div>\n\t\t\t\t<\/div>\n\t\t<div class=\"elementor-element elementor-element-33aa0b6 e-con-full e-flex e-con e-child\" data-id=\"33aa0b6\" data-element_type=\"container\">\n\t\t<div class=\"elementor-element elementor-element-6ebbe7a e-con-full e-flex e-con e-child\" data-id=\"6ebbe7a\" data-element_type=\"container\">\n\t\t\t\t<div class=\"elementor-element elementor-element-e823cb5 elementor-widget elementor-widget-heading\" data-id=\"e823cb5\" data-element_type=\"widget\" data-widget_type=\"heading.default\">\n\t\t\t\t<div class=\"elementor-widget-container\">\n\t\t\t\t\t<h2 class=\"elementor-heading-title elementor-size-default\">Bauingenieur(in) in Vollzeit<\/h2>\t\t\t\t<\/div>\n\t\t\t\t<\/div>\n\t\t\t\t<div class=\"elementor-element elementor-element-5739132 elementor-widget__width-initial elementor-widget elementor-widget-text-editor\" data-id=\"5739132\" data-element_type=\"widget\" data-widget_type=\"text-editor.default\">\n\t\t\t\t<div class=\"elementor-widget-container\">\n\t\t\t\t\t\t\t\t\t<p>Zur Verst\u00e4rkung unseres Teams suchen wir eine(n) engagierte(n) Bauingenieur(in), mit den Schwerpunktthemen Tragwerksplanung, Hochbau, konstruktiver Ingenieurbau<\/p>\t\t\t\t\t\t\t\t<\/div>\n\t\t\t\t<\/div>\n\t\t\t\t<div class=\"elementor-element elementor-element-6e17ebe elementor-widget elementor-widget-heading\" data-id=\"6e17ebe\" data-element_type=\"widget\" data-widget_type=\"heading.default\">\n\t\t\t\t<div class=\"elementor-widget-container\">\n\t\t\t\t\t<h2 class=\"elementor-heading-title elementor-size-default\">Unser Angebot<\/h2>\t\t\t\t<\/div>\n\t\t\t\t<\/div>\n\t\t\t\t<div class=\"elementor-element elementor-element-b9d7a1c elementor-widget__width-initial elementor-widget elementor-widget-text-editor\" data-id=\"b9d7a1c\" data-element_type=\"widget\" data-widget_type=\"text-editor.default\">\n\t\t\t\t<div class=\"elementor-widget-container\">\n\t\t\t\t\t\t\t\t\t<ul><li>Langfristige, gesicherte Zusammenarbeit<\/li><li>Interessante und abwechslungsreiche T\u00e4tigkeit<\/li><li>Zeitgem\u00e4\u00dfe B\u00fcroausstattung<\/li><li>Umfangreiche Bibliothek<\/li><li>Leistungsgerechte Verg\u00fctung<\/li><\/ul>\t\t\t\t\t\t\t\t<\/div>\n\t\t\t\t<\/div>\n\t\t\t\t<div class=\"elementor-element elementor-element-cf44c0c elementor-widget elementor-widget-heading\" data-id=\"cf44c0c\" data-element_type=\"widget\" data-widget_type=\"heading.default\">\n\t\t\t\t<div class=\"elementor-widget-container\">\n\t\t\t\t\t<h2 class=\"elementor-heading-title elementor-size-default\">Voraussetzungen<\/h2>\t\t\t\t<\/div>\n\t\t\t\t<\/div>\n\t\t\t\t<div class=\"elementor-element elementor-element-0ccd174 elementor-widget__width-initial elementor-widget elementor-widget-text-editor\" data-id=\"0ccd174\" data-element_type=\"widget\" data-widget_type=\"text-editor.default\">\n\t\t\t\t<div class=\"elementor-widget-container\">\n\t\t\t\t\t\t\t\t\t<ul>\n<li>Dipl.-Ing. (FH) oder B.Eng.&nbsp;Bauingenieurwesen<\/li>\n<li>Hohe Lernbereitschaft<\/li>\n<li>Grundlagenwissen im Bereich Statik und Festigkeitslehre<\/li>\n<li>EDV- und CAD-Kenntnisse<\/li>\n<li>F\u00fchrerschein<\/li>\n<\/ul>\t\t\t\t\t\t\t\t<\/div>\n\t\t\t\t<\/div>\n\t\t\t\t<\/div>\n\t\t<div class=\"elementor-element elementor-element-a9e1686 e-con-full e-flex e-con e-child\" data-id=\"a9e1686\" data-element_type=\"container\">\n\t\t\t\t<div class=\"elementor-element elementor-element-6158fce elementor-widget elementor-widget-heading\" data-id=\"6158fce\" data-element_type=\"widget\" data-widget_type=\"heading.default\">\n\t\t\t\t<div class=\"elementor-widget-container\">\n\t\t\t\t\t<h2 class=\"elementor-heading-title elementor-size-default\">Werkstudent(in)<\/h2>\t\t\t\t<\/div>\n\t\t\t\t<\/div>\n\t\t\t\t<div class=\"elementor-element elementor-element-96b93bf elementor-widget__width-initial elementor-widget elementor-widget-text-editor\" data-id=\"96b93bf\" data-element_type=\"widget\" data-widget_type=\"text-editor.default\">\n\t\t\t\t<div class=\"elementor-widget-container\">\n\t\t\t\t\t\t\t\t\t<p>Zur Verst\u00e4rkung unseres Teams suche wir eine(n) engagierte(n) Student(in), mit den Schwerpunktthemen Stahlbau, Aluminium- und Leichtbau.<\/p>\t\t\t\t\t\t\t\t<\/div>\n\t\t\t\t<\/div>\n\t\t\t\t<div class=\"elementor-element elementor-element-702dd10 elementor-widget elementor-widget-heading\" data-id=\"702dd10\" data-element_type=\"widget\" data-widget_type=\"heading.default\">\n\t\t\t\t<div class=\"elementor-widget-container\">\n\t\t\t\t\t<h2 class=\"elementor-heading-title elementor-size-default\">Unser Angebot<\/h2>\t\t\t\t<\/div>\n\t\t\t\t<\/div>\n\t\t\t\t<div class=\"elementor-element elementor-element-bf5df6b elementor-widget__width-initial elementor-widget elementor-widget-text-editor\" data-id=\"bf5df6b\" data-element_type=\"widget\" data-widget_type=\"text-editor.default\">\n\t\t\t\t<div class=\"elementor-widget-container\">\n\t\t\t\t\t\t\t\t\t<ul><li>Interessante und abwechslungsreiche T\u00e4tigkeit\u00a0<\/li><li>Zeitgem\u00e4\u00dfe B\u00fcroausstattung\u00a0<\/li><li>Umfangreiche Bibliothek\u00a0<\/li><li>Leistungsgerechte Verg\u00fctung<br \/><br \/><\/li><\/ul>\t\t\t\t\t\t\t\t<\/div>\n\t\t\t\t<\/div>\n\t\t\t\t<div class=\"elementor-element elementor-element-a50a76d elementor-widget elementor-widget-heading\" data-id=\"a50a76d\" data-element_type=\"widget\" data-widget_type=\"heading.default\">\n\t\t\t\t<div class=\"elementor-widget-container\">\n\t\t\t\t\t<h2 class=\"elementor-heading-title elementor-size-default\">Voraussetzungen<\/h2>\t\t\t\t<\/div>\n\t\t\t\t<\/div>\n\t\t\t\t<div class=\"elementor-element elementor-element-8c20032 elementor-widget__width-initial elementor-widget elementor-widget-text-editor\" data-id=\"8c20032\" data-element_type=\"widget\" data-widget_type=\"text-editor.default\">\n\t\t\t\t<div class=\"elementor-widget-container\">\n\t\t\t\t\t\t\t\t\t<ul><li>Interesse f\u00fcr Technische Mechanik<\/li><li>Hohe Lernbereitschaft\u00a0<\/li><li>Grundlagenwissen im Bereich Konstruktion<\/li><li>EDV- und CAD-Kenntnisse<br \/><br \/><\/li><\/ul>\t\t\t\t\t\t\t\t<\/div>\n\t\t\t\t<\/div>\n\t\t\t\t<\/div>\n\t\t\t\t<\/div>\n\t\t\t\t\t<\/div>\n\t\t\t\t<\/div>\n\t\t<div class=\"elementor-element elementor-element-4c149ea e-flex e-con-boxed e-con e-parent\" data-id=\"4c149ea\" data-element_type=\"container\" data-settings=\"{&quot;background_background&quot;:&quot;classic&quot;}\">\n\t\t\t\t\t<div class=\"e-con-inner\">\n\t\t\t\t<div class=\"elementor-element elementor-element-7ed6a8d elementor-view-default elementor-widget elementor-widget-icon\" data-id=\"7ed6a8d\" data-element_type=\"widget\" data-widget_type=\"icon.default\">\n\t\t\t\t<div class=\"elementor-widget-container\">\n\t\t\t\t\t\t\t<div class=\"elementor-icon-wrapper\">\n\t\t\t<div class=\"elementor-icon\">\n\t\t\t<svg xmlns=\"http:\/\/www.w3.org\/2000\/svg\" width=\"38\" height=\"28\" viewBox=\"0 0 38 28\" fill=\"none\"><path d=\"M33.1414 16.1572C34.7163 16.1668 36.1335 16.2574 37.2507 16.3574C36.1299 22.9668 30.3784 28 23.45 28C19.8968 28 16.6539 26.6752 14.1853 24.4941C15.5342 22.4824 17.7288 20.0584 21.1287 18.3584C24.7049 16.5703 29.3511 16.1342 33.1414 16.1572ZM23.45 0C31.1819 0 37.45 6.26801 37.45 14C37.45 14.3678 37.4348 14.7321 37.407 15.0928C36.803 14.8861 36.1268 14.6421 35.4207 14.3594C32.9492 13.3699 30.1874 11.9597 28.7576 10.2441C27.2822 8.47372 26.5875 7.17271 26.1941 6.32031C26.095 6.10555 26.0144 5.91789 25.9431 5.75293C25.8735 5.59184 25.809 5.44258 25.7468 5.32031C25.6867 5.20227 25.611 5.07266 25.5085 4.97168C25.4213 4.88587 25.3123 4.81833 25.1824 4.79004L25.0447 4.77539C24.8512 4.77553 24.7183 4.88626 24.6521 4.95312C24.58 5.02605 24.5199 5.11589 24.4705 5.19922C24.3704 5.36778 24.2598 5.60233 24.1394 5.86328C23.8923 6.39867 23.565 7.12547 23.0808 7.94824C22.1149 9.58948 20.5268 11.6109 17.7556 13.1504C15.5713 14.3639 12.7553 14.9807 10.4587 15.291C10.1333 15.335 9.81886 15.371 9.51929 15.4033C9.47335 14.9418 9.44995 14.4736 9.44995 14C9.44995 6.26801 15.718 0 23.45 0Z\" fill=\"#E4E3E8\"><\/path><path d=\"M7.54096 21C4.99069 18.7603 0 17.0607 0 17.0607C0 17.0607 12.7933 17.798 18.2933 14.798C23.7933 11.798 25.041 7 25.041 7C25.041 7 25.541 9.5 27.541 11.5C30.041 14 32.478 14.798 32.478 14.798C32.478 14.798 25.041 14.2472 18.541 18C13.4912 20.9155 11.1844 26.5717 11.1844 26.5717C11.1844 26.5717 9.77862 22.9651 7.54096 21Z\" fill=\"#E4E3E8\"><\/path><\/svg>\t\t\t<\/div>\n\t\t<\/div>\n\t\t\t\t\t\t<\/div>\n\t\t\t\t<\/div>\n\t\t<div class=\"elementor-element elementor-element-29fd9c3 e-con-full e-flex e-con e-child\" data-id=\"29fd9c3\" data-element_type=\"container\">\n\t\t\t\t<div class=\"elementor-element elementor-element-4f2c583 elementor-widget elementor-widget-heading\" data-id=\"4f2c583\" data-element_type=\"widget\" data-widget_type=\"heading.default\">\n\t\t\t\t<div class=\"elementor-widget-container\">\n\t\t\t\t\t<h2 class=\"elementor-heading-title elementor-size-default\"><a href=\"https:\/\/view.unaro.de\/index.php\/home\/\">\u00dcber Uns<\/a><\/h2>\t\t\t\t<\/div>\n\t\t\t\t<\/div>\n\t\t\t\t<div class=\"elementor-element elementor-element-cfce175 elementor-widget elementor-widget-heading\" data-id=\"cfce175\" data-element_type=\"widget\" data-widget_type=\"heading.default\">\n\t\t\t\t<div class=\"elementor-widget-container\">\n\t\t\t\t\t<h2 class=\"elementor-heading-title elementor-size-default\"><a href=\"https:\/\/view.unaro.de\/index.php\/home\/\">Kunden<\/a><\/h2>\t\t\t\t<\/div>\n\t\t\t\t<\/div>\n\t\t\t\t<div class=\"elementor-element elementor-element-ce12629 elementor-widget elementor-widget-heading\" data-id=\"ce12629\" data-element_type=\"widget\" data-widget_type=\"heading.default\">\n\t\t\t\t<div class=\"elementor-widget-container\">\n\t\t\t\t\t<h2 class=\"elementor-heading-title elementor-size-default\"><a href=\"https:\/\/view.unaro.de\/index.php\/home\/\">Kompetenzen<\/a><\/h2>\t\t\t\t<\/div>\n\t\t\t\t<\/div>\n\t\t\t\t<div class=\"elementor-element elementor-element-243e304 elementor-widget elementor-widget-heading\" data-id=\"243e304\" data-element_type=\"widget\" data-widget_type=\"heading.default\">\n\t\t\t\t<div class=\"elementor-widget-container\">\n\t\t\t\t\t<h2 class=\"elementor-heading-title elementor-size-default\"><a href=\"https:\/\/view.unaro.de\/index.php\/home\/\">Projekte<\/a><\/h2>\t\t\t\t<\/div>\n\t\t\t\t<\/div>\n\t\t\t\t<div class=\"elementor-element elementor-element-5f4b7b6 elementor-widget elementor-widget-heading\" data-id=\"5f4b7b6\" data-element_type=\"widget\" data-widget_type=\"heading.default\">\n\t\t\t\t<div class=\"elementor-widget-container\">\n\t\t\t\t\t<h2 class=\"elementor-heading-title elementor-size-default\"><a href=\"https:\/\/view.unaro.de\/index.php\/wissenschaft\/\">Wissenschaft<\/a><\/h2>\t\t\t\t<\/div>\n\t\t\t\t<\/div>\n\t\t\t\t<div class=\"elementor-element elementor-element-fab4a30 elementor-widget elementor-widget-heading\" data-id=\"fab4a30\" data-element_type=\"widget\" data-widget_type=\"heading.default\">\n\t\t\t\t<div class=\"elementor-widget-container\">\n\t\t\t\t\t<h2 class=\"elementor-heading-title elementor-size-default\"><a href=\"https:\/\/view.unaro.de\/index.php\/zulassungen\/\">Zulassungen<\/a><\/h2>\t\t\t\t<\/div>\n\t\t\t\t<\/div>\n\t\t\t\t<div class=\"elementor-element elementor-element-5373bde elementor-widget elementor-widget-heading\" data-id=\"5373bde\" data-element_type=\"widget\" data-widget_type=\"heading.default\">\n\t\t\t\t<div class=\"elementor-widget-container\">\n\t\t\t\t\t<h2 class=\"elementor-heading-title elementor-size-default\"><a href=\"https:\/\/view.unaro.de\/index.php\/jobs\/\">Jobs<\/a><\/h2>\t\t\t\t<\/div>\n\t\t\t\t<\/div>\n\t\t\t\t<div class=\"elementor-element elementor-element-22cd991 elementor-widget elementor-widget-heading\" data-id=\"22cd991\" data-element_type=\"widget\" data-widget_type=\"heading.default\">\n\t\t\t\t<div class=\"elementor-widget-container\">\n\t\t\t\t\t<h2 class=\"elementor-heading-title elementor-size-default\"><a href=\"https:\/\/view.unaro.de\/index.php\/impressum\/\">Impressum<\/a><\/h2>\t\t\t\t<\/div>\n\t\t\t\t<\/div>\n\t\t\t\t<\/div>\n\t\t\t\t<div class=\"elementor-element elementor-element-45f5406 elementor-widget__width-initial elementor-widget elementor-widget-text-editor\" data-id=\"45f5406\" data-element_type=\"widget\" data-widget_type=\"text-editor.default\">\n\t\t\t\t<div class=\"elementor-widget-container\">\n\t\t\t\t\t\t\t\t\t<p>\u00a9 2025 DDSTATIK. All rights reserved<\/p>\t\t\t\t\t\t\t\t<\/div>\n\t\t\t\t<\/div>\n\t\t\t\t\t<\/div>\n\t\t\t\t<\/div>\n\t\t\t\t<\/div>\n\t\t","protected":false},"excerpt":{"rendered":"<p>\u00dcber Uns Kunden Kompetenzen Projekte Wissenschaft Zulassungen Jobs Jetzt kontaktieren Kontakt Projekte Kompetenzen Hamburger Toggle Menu Jobs Bauingenieur(in) in Vollzeit Zur Verst\u00e4rkung unseres Teams suchen wir eine(n) engagierte(n) Bauingenieur(in), mit den Schwerpunktthemen Tragwerksplanung, Hochbau, konstruktiver Ingenieurbau Unser Angebot Langfristige, gesicherte Zusammenarbeit Interessante und abwechslungsreiche T\u00e4tigkeit Zeitgem\u00e4\u00dfe B\u00fcroausstattung Umfangreiche Bibliothek Leistungsgerechte Verg\u00fctung Voraussetzungen Dipl.-Ing. (FH) oder [&hellip;]<\/p>\n","protected":false},"author":1,"featured_media":0,"parent":0,"menu_order":0,"comment_status":"closed","ping_status":"closed","template":"","meta":{"footnotes":""},"class_list":["post-705","page","type-page","status-publish","hentry"],"_links":{"self":[{"href":"https:\/\/view.unaro.de\/index.php\/wp-json\/wp\/v2\/pages\/705","targetHints":{"allow":["GET"]}}],"collection":[{"href":"https:\/\/view.unaro.de\/index.php\/wp-json\/wp\/v2\/pages"}],"about":[{"href":"https:\/\/view.unaro.de\/index.php\/wp-json\/wp\/v2\/types\/page"}],"author":[{"embeddable":true,"href":"https:\/\/view.unaro.de\/index.php\/wp-json\/wp\/v2\/users\/1"}],"replies":[{"embeddable":true,"href":"https:\/\/view.unaro.de\/index.php\/wp-json\/wp\/v2\/comments?post=705"}],"version-history":[{"count":16,"href":"https:\/\/view.unaro.de\/index.php\/wp-json\/wp\/v2\/pages\/705\/revisions"}],"predecessor-version":[{"id":772,"href":"https:\/\/view.unaro.de\/index.php\/wp-json\/wp\/v2\/pages\/705\/revisions\/772"}],"wp:attachment":[{"href":"https:\/\/view.unaro.de\/index.php\/wp-json\/wp\/v2\/media?parent=705"}],"curies":[{"name":"wp","href":"https:\/\/api.w.org\/{rel}","templated":true}]}}