{"id":624,"date":"2025-11-05T18:08:38","date_gmt":"2025-11-05T18:08:38","guid":{"rendered":"https:\/\/view.unaro.de\/?page_id=624"},"modified":"2025-11-12T16:15:18","modified_gmt":"2025-11-12T16:15:18","slug":"wissenschaft","status":"publish","type":"page","link":"https:\/\/view.unaro.de\/index.php\/wissenschaft\/","title":{"rendered":"Wissenschaft"},"content":{"rendered":"\t\t<div data-elementor-type=\"wp-page\" data-elementor-id=\"624\" class=\"elementor elementor-624\">\n\t\t\t\t<div class=\"elementor-element elementor-element-4589a41 e-flex e-con-boxed e-con e-parent\" data-id=\"4589a41\" data-element_type=\"container\" data-settings=\"{&quot;background_background&quot;:&quot;classic&quot;}\">\n\t\t\t\t\t<div class=\"e-con-inner\">\n\t\t\t\t<div class=\"elementor-element elementor-element-d580122 elementor-view-default elementor-widget elementor-widget-icon\" data-id=\"d580122\" data-element_type=\"widget\" data-widget_type=\"icon.default\">\n\t\t\t\t<div class=\"elementor-widget-container\">\n\t\t\t\t\t\t\t<div class=\"elementor-icon-wrapper\">\n\t\t\t<div class=\"elementor-icon\">\n\t\t\t<svg xmlns=\"http:\/\/www.w3.org\/2000\/svg\" width=\"38\" height=\"28\" viewBox=\"0 0 38 28\" fill=\"none\"><path d=\"M33.1414 16.1572C34.7163 16.1668 36.1335 16.2574 37.2507 16.3574C36.1299 22.9668 30.3784 28 23.45 28C19.8968 28 16.6539 26.6752 14.1853 24.4941C15.5342 22.4824 17.7288 20.0584 21.1287 18.3584C24.7049 16.5703 29.3511 16.1342 33.1414 16.1572ZM23.45 0C31.1819 0 37.45 6.26801 37.45 14C37.45 14.3678 37.4348 14.7321 37.407 15.0928C36.803 14.8861 36.1268 14.6421 35.4207 14.3594C32.9492 13.3699 30.1874 11.9597 28.7576 10.2441C27.2822 8.47372 26.5875 7.17271 26.1941 6.32031C26.095 6.10555 26.0144 5.91789 25.9431 5.75293C25.8735 5.59184 25.809 5.44258 25.7468 5.32031C25.6867 5.20227 25.611 5.07266 25.5085 4.97168C25.4213 4.88587 25.3123 4.81833 25.1824 4.79004L25.0447 4.77539C24.8512 4.77553 24.7183 4.88626 24.6521 4.95312C24.58 5.02605 24.5199 5.11589 24.4705 5.19922C24.3704 5.36778 24.2598 5.60233 24.1394 5.86328C23.8923 6.39867 23.565 7.12547 23.0808 7.94824C22.1149 9.58948 20.5268 11.6109 17.7556 13.1504C15.5713 14.3639 12.7553 14.9807 10.4587 15.291C10.1333 15.335 9.81886 15.371 9.51929 15.4033C9.47335 14.9418 9.44995 14.4736 9.44995 14C9.44995 6.26801 15.718 0 23.45 0Z\" fill=\"#E4E3E8\"><\/path><path d=\"M7.54096 21C4.99069 18.7603 0 17.0607 0 17.0607C0 17.0607 12.7933 17.798 18.2933 14.798C23.7933 11.798 25.041 7 25.041 7C25.041 7 25.541 9.5 27.541 11.5C30.041 14 32.478 14.798 32.478 14.798C32.478 14.798 25.041 14.2472 18.541 18C13.4912 20.9155 11.1844 26.5717 11.1844 26.5717C11.1844 26.5717 9.77862 22.9651 7.54096 21Z\" fill=\"#E4E3E8\"><\/path><\/svg>\t\t\t<\/div>\n\t\t<\/div>\n\t\t\t\t\t\t<\/div>\n\t\t\t\t<\/div>\n\t\t<div class=\"elementor-element elementor-element-a3eeda6 e-con-full elementor-hidden-tablet elementor-hidden-mobile e-flex e-con e-child\" data-id=\"a3eeda6\" data-element_type=\"container\">\n\t\t\t\t<div class=\"elementor-element elementor-element-d67f294 elementor-widget elementor-widget-heading\" data-id=\"d67f294\" data-element_type=\"widget\" data-widget_type=\"heading.default\">\n\t\t\t\t<div class=\"elementor-widget-container\">\n\t\t\t\t\t<h2 class=\"elementor-heading-title elementor-size-default\"><a href=\"https:\/\/view.unaro.de\/index.php\/home\/#uberuns\">\u00dcber Uns<\/a><\/h2>\t\t\t\t<\/div>\n\t\t\t\t<\/div>\n\t\t\t\t<div class=\"elementor-element elementor-element-665fa42 elementor-widget elementor-widget-heading\" data-id=\"665fa42\" data-element_type=\"widget\" data-widget_type=\"heading.default\">\n\t\t\t\t<div class=\"elementor-widget-container\">\n\t\t\t\t\t<h2 class=\"elementor-heading-title elementor-size-default\"><a href=\"https:\/\/view.unaro.de\/index.php\/home\/#kunden\">Kunden<\/a><\/h2>\t\t\t\t<\/div>\n\t\t\t\t<\/div>\n\t\t\t\t<div class=\"elementor-element elementor-element-7e354d9 elementor-widget elementor-widget-heading\" data-id=\"7e354d9\" data-element_type=\"widget\" data-widget_type=\"heading.default\">\n\t\t\t\t<div class=\"elementor-widget-container\">\n\t\t\t\t\t<h2 class=\"elementor-heading-title elementor-size-default\"><a href=\"https:\/\/view.unaro.de\/index.php\/home\/#kompetenzen\">Kompetenzen<\/a><\/h2>\t\t\t\t<\/div>\n\t\t\t\t<\/div>\n\t\t\t\t<div class=\"elementor-element elementor-element-a7b3dd7 elementor-widget elementor-widget-heading\" data-id=\"a7b3dd7\" data-element_type=\"widget\" data-widget_type=\"heading.default\">\n\t\t\t\t<div class=\"elementor-widget-container\">\n\t\t\t\t\t<h2 class=\"elementor-heading-title elementor-size-default\"><a href=\"https:\/\/view.unaro.de\/index.php\/home\/#projekte\">Projekte<\/a><\/h2>\t\t\t\t<\/div>\n\t\t\t\t<\/div>\n\t\t\t\t<div class=\"elementor-element elementor-element-25c7e5f elementor-widget elementor-widget-heading\" data-id=\"25c7e5f\" data-element_type=\"widget\" data-widget_type=\"heading.default\">\n\t\t\t\t<div class=\"elementor-widget-container\">\n\t\t\t\t\t<h2 class=\"elementor-heading-title elementor-size-default\"><a href=\"https:\/\/view.unaro.de\/index.php\/wissenschaft\/\">Wissenschaft<\/a><\/h2>\t\t\t\t<\/div>\n\t\t\t\t<\/div>\n\t\t\t\t<div class=\"elementor-element elementor-element-07d7090 elementor-widget elementor-widget-heading\" data-id=\"07d7090\" data-element_type=\"widget\" data-widget_type=\"heading.default\">\n\t\t\t\t<div class=\"elementor-widget-container\">\n\t\t\t\t\t<h2 class=\"elementor-heading-title elementor-size-default\"><a href=\"https:\/\/view.unaro.de\/index.php\/zulassungen\/\">Zulassungen<\/a><\/h2>\t\t\t\t<\/div>\n\t\t\t\t<\/div>\n\t\t\t\t<div class=\"elementor-element elementor-element-a127cb0 elementor-widget elementor-widget-heading\" data-id=\"a127cb0\" data-element_type=\"widget\" data-widget_type=\"heading.default\">\n\t\t\t\t<div class=\"elementor-widget-container\">\n\t\t\t\t\t<h2 class=\"elementor-heading-title elementor-size-default\"><a href=\"https:\/\/view.unaro.de\/index.php\/jobs\/\">Jobs<\/a><\/h2>\t\t\t\t<\/div>\n\t\t\t\t<\/div>\n\t\t\t\t<\/div>\n\t\t\t\t<div class=\"elementor-element elementor-element-3cb5b93 elementor-align-center elementor-hidden-tablet elementor-hidden-mobile elementor-widget elementor-widget-button\" data-id=\"3cb5b93\" data-element_type=\"widget\" data-widget_type=\"button.default\">\n\t\t\t\t<div class=\"elementor-widget-container\">\n\t\t\t\t\t\t\t\t\t<div class=\"elementor-button-wrapper\">\n\t\t\t\t\t<a class=\"elementor-button elementor-button-link elementor-size-sm\" href=\"https:\/\/view.unaro.de\/index.php\/home\/#kontakt\">\n\t\t\t\t\t\t<span class=\"elementor-button-content-wrapper\">\n\t\t\t\t\t\t\t\t\t<span class=\"elementor-button-text\">Jetzt kontaktieren<\/span>\n\t\t\t\t\t<\/span>\n\t\t\t\t\t<\/a>\n\t\t\t\t<\/div>\n\t\t\t\t\t\t\t\t<\/div>\n\t\t\t\t<\/div>\n\t\t<div class=\"elementor-element elementor-element-a495287 e-con-full elementor-hidden-desktop e-flex e-con e-child\" data-id=\"a495287\" data-element_type=\"container\">\n\t\t\t\t<div class=\"elementor-element elementor-element-2eab1b6 elementor-align-center elementor-tablet-align-right elementor-hidden-desktop elementor-widget elementor-widget-button\" data-id=\"2eab1b6\" data-element_type=\"widget\" data-widget_type=\"button.default\">\n\t\t\t\t<div class=\"elementor-widget-container\">\n\t\t\t\t\t\t\t\t\t<div class=\"elementor-button-wrapper\">\n\t\t\t\t\t<a class=\"elementor-button elementor-button-link elementor-size-sm\" href=\"#\">\n\t\t\t\t\t\t<span class=\"elementor-button-content-wrapper\">\n\t\t\t\t\t\t\t\t\t<span class=\"elementor-button-text\">Kontakt<\/span>\n\t\t\t\t\t<\/span>\n\t\t\t\t\t<\/a>\n\t\t\t\t<\/div>\n\t\t\t\t\t\t\t\t<\/div>\n\t\t\t\t<\/div>\n\t\t\t\t<div class=\"elementor-element elementor-element-0227451 elementor-hidden-desktop eael-simple-menu-hamburger-align-right eael-hamburger--tablet elementor-widget elementor-widget-eael-simple-menu\" data-id=\"0227451\" data-element_type=\"widget\" data-widget_type=\"eael-simple-menu.default\">\n\t\t\t\t<div class=\"elementor-widget-container\">\n\t\t\t\t\t<style>\n                        @media screen and (max-width: 1024px) {\n                            .eael-hamburger--tablet {\n                                .eael-simple-menu-horizontal,\n                                .eael-simple-menu-vertical {\n                                    display: none;\n                                }\n                            }\n                            .eael-hamburger--tablet {\n                                .eael-simple-menu-container .eael-simple-menu-toggle {\n                                    display: block;\n                                }\n                            }\n                        }\n                    <\/style>            <div data-hamburger-icon=\"&lt;i aria-hidden=&quot;true&quot; class=&quot;fas fa-bars&quot;&gt;&lt;\/i&gt;\" data-indicator-icon=\"&lt;i aria-hidden=&quot;true&quot; class=&quot;fas fa-angle-down&quot;&gt;&lt;\/i&gt;\" data-dropdown-indicator-icon=\"&lt;i class=&quot;fas fa-angle-down&quot;&gt;&lt;\/i&gt;\" class=\"eael-simple-menu-container eael-simple-menu-align-left eael-simple-menu--stretch eael-simple-menu-dropdown-align-left preset-1\" data-hamburger-breakpoints=\"{&quot;mobile&quot;:&quot;Mobile Portrait (&gt; 767px)&quot;,&quot;tablet&quot;:&quot;Tablet Portrait (&gt; 1024px)&quot;,&quot;desktop&quot;:&quot;Desktop (&gt; 2400px)&quot;,&quot;none&quot;:&quot;None&quot;}\" data-hamburger-device=\"tablet\">\n                <ul id=\"menu-menu\" class=\"eael-simple-menu eael-simple-menu-dropdown-animate-to-top eael-simple-menu-indicator eael-simple-menu-vertical\"><li id=\"menu-item-206\" class=\"menu-item menu-item-type-custom menu-item-object-custom menu-item-home menu-item-206\"><a href=\"https:\/\/view.unaro.de\/#projekte\">Projekte<\/a><\/li>\n<li id=\"menu-item-207\" class=\"menu-item menu-item-type-custom menu-item-object-custom menu-item-home menu-item-207\"><a href=\"https:\/\/view.unaro.de\/#kompetenzen\">Kompetenzen<\/a><\/li>\n<\/ul>                <button class=\"eael-simple-menu-toggle\">\n                    <span class=\"sr-only \">Hamburger Toggle Menu<\/span>\n                    <i aria-hidden=\"true\" class=\"fas fa-bars\"><\/i>                <\/button>\n            <\/div>\n            \t\t\t\t<\/div>\n\t\t\t\t<\/div>\n\t\t\t\t<\/div>\n\t\t\t\t\t<\/div>\n\t\t\t\t<\/div>\n\t\t<div class=\"elementor-element elementor-element-01d773d e-flex e-con-boxed e-con e-parent\" data-id=\"01d773d\" data-element_type=\"container\" data-settings=\"{&quot;background_background&quot;:&quot;classic&quot;}\">\n\t\t\t\t\t<div class=\"e-con-inner\">\n\t\t<div class=\"elementor-element elementor-element-1e41063 e-con-full e-flex e-con e-child\" data-id=\"1e41063\" data-element_type=\"container\">\n\t\t<div class=\"elementor-element elementor-element-3618439 e-con-full e-flex e-con e-child\" data-id=\"3618439\" data-element_type=\"container\">\n\t\t\t\t<div class=\"elementor-element elementor-element-a2078b1 elementor-widget__width-inherit elementor-widget elementor-widget-heading\" data-id=\"a2078b1\" data-element_type=\"widget\" data-widget_type=\"heading.default\">\n\t\t\t\t<div class=\"elementor-widget-container\">\n\t\t\t\t\t<h2 class=\"elementor-heading-title elementor-size-default\">Wissenschaft<\/h2>\t\t\t\t<\/div>\n\t\t\t\t<\/div>\n\t\t\t\t<div class=\"elementor-element elementor-element-22f78b6 elementor-widget__width-inherit elementor-widget elementor-widget-text-editor\" data-id=\"22f78b6\" data-element_type=\"widget\" data-widget_type=\"text-editor.default\">\n\t\t\t\t<div class=\"elementor-widget-container\">\n\t\t\t\t\t\t\t\t\t<p>20+ Jahre fachliche Expertise und Bildungstransfer<\/p>\t\t\t\t\t\t\t\t<\/div>\n\t\t\t\t<\/div>\n\t\t\t\t<\/div>\n\t\t<div class=\"elementor-element elementor-element-a090604 e-con-full e-flex e-con e-child\" data-id=\"a090604\" data-element_type=\"container\">\n\t\t\t\t<div class=\"elementor-element elementor-element-8311c20 elementor-widget__width-initial elementor-widget elementor-widget-text-editor\" data-id=\"8311c20\" data-element_type=\"widget\" data-widget_type=\"text-editor.default\">\n\t\t\t\t<div class=\"elementor-widget-container\">\n\t\t\t\t\t\t\t\t\t<p>In den Jahren 2005 \u2013 2025 ist M. Ziegenhorn Inhaber des Lehrstuhls Technische Mechanik und Maschinendynamik. 2023 war M. Ziegenhorn Gastprofessor am Polytechnikum Poznanund 2024 an der Universit\u00e4t Zielona Gora. Einen \u00dcberblick \u00fcber die Forschung liefert die Liste der Ver\u00f6ffentlichungen. Prof. M. Ziegenhorn betreut weiterhin Forschungsarbeiten an der BTU und dem Politechnikum Poznan.<\/p>\t\t\t\t\t\t\t\t<\/div>\n\t\t\t\t<\/div>\n\t\t\t\t<\/div>\n\t\t\t\t<\/div>\n\t\t\t\t\t<\/div>\n\t\t\t\t<\/div>\n\t\t<div class=\"elementor-element elementor-element-499d196 e-flex e-con-boxed e-con e-parent\" data-id=\"499d196\" data-element_type=\"container\">\n\t\t\t\t\t<div class=\"e-con-inner\">\n\t\t<div class=\"elementor-element elementor-element-ad96150 e-con-full e-flex e-con e-child\" data-id=\"ad96150\" data-element_type=\"container\">\n\t\t<div class=\"elementor-element elementor-element-6286870 e-con-full e-flex e-con e-child\" data-id=\"6286870\" data-element_type=\"container\">\n\t\t\t\t<div class=\"elementor-element elementor-element-b8ceeee elementor-widget__width-inherit elementor-widget elementor-widget-heading\" data-id=\"b8ceeee\" data-element_type=\"widget\" data-widget_type=\"heading.default\">\n\t\t\t\t<div class=\"elementor-widget-container\">\n\t\t\t\t\t<h2 class=\"elementor-heading-title elementor-size-default\">Publikationen<\/h2>\t\t\t\t<\/div>\n\t\t\t\t<\/div>\n\t\t\t\t<\/div>\n\t\t<div class=\"elementor-element elementor-element-aa85aeb e-con-full e-flex e-con e-child\" data-id=\"aa85aeb\" data-element_type=\"container\">\n\t\t\t\t<div class=\"elementor-element elementor-element-27a0518 elementor-widget__width-initial elementor-widget elementor-widget-text-editor\" data-id=\"27a0518\" data-element_type=\"widget\" data-widget_type=\"text-editor.default\">\n\t\t\t\t<div class=\"elementor-widget-container\">\n\t\t\t\t\t\t\t\t\t<p>D. Schob, L. Richter, R. Roszak, D. Kotecki, Ph. Maasch, M. Ziegenhorn (2024) \u201cCharacterization and Simulation of Shear-Induced Damage in Selective-Laser-Sintered Polyamide 12\u201d;In MDPI Materials<br \/>https:\/\/www.mdpi.com\/1996-1944\/17\/1\/38<br \/><br \/><\/p><p class=\"p1\">Richter, L., Sparr, H., Schob, D., Maasch, P., Roszak, R., Ziegenhorn, M. (2023). Self-Heating Analysis with Respect to Holding Times of an Additive Manufactured Aluminium Alloy. In: Advanced Structured Materials, vol 194. Springer, Cham. https:\/\/doi.org\/10.1007\/978-3-031-39070-8_16<br \/><br \/><\/p><p class=\"p1\">Ziegenhorn, M. et al. (2022). \u201cApplications of Viscoplasticity and Damage Models, the Thermomechanical Consistency and the Prospect of a Microstructural Representation In Advanced Structured Materials\u201d Advanced Structured Materials, vol 161. Springer, Cham. https:\/\/doi.org\/10.1007\/978-3-030-97675-0_12<br \/><br \/><\/p><p class=\"p1\">Robert Roszak, Karol Bula, Ilia Sagradov, Tomasz Sterzy\u0144ski, Daniela Schob, Matthias Ziegenhorn (2022)<span class=\"s1\">\u201c<\/span>Experimental and numerical investigation of metal-polymer riveted joints\u201d In: \u201cMaterials Research\u201d DOI 10.1088\/2053-1591\/ac49bb<br \/><br \/><\/p><p class=\"p1\">H.Sparr, R.Roszak, I.Sagradov1, D.Schob, M. Ziegenhorn (2021) \u201cEnergy related thermomechanical material model validation in complex tensile testing with self heating\u201d In PAMM Vol 21 https:\/\/doi.org\/10.1002\/pamm.202100218<br \/><br \/><\/p><p class=\"p1\">Sagradov, Ilja; Schob, Daniela; Roszak, Robert; Maasch, Philipp; Sparr, Holger; Ziegenhorn, Matthias (2020): &#8220;Experimental investigation and numerical modelling of 3D printed polyamide 12 with viscoplasticity and a crack model at different strain rates.&#8221; In: Materials Today Communications, p.101542. DOI: 10.1016\/j.mtcomm.2020.101542.<br \/><br \/><\/p><p class=\"p1\">Sparr, H.; Roszak, R.; Sagradov, I.; Schob, D.; Ziegenhorn, M. (2020): &#8220;Thermo-Viscoplastic Material Modelling for Self-heating Loads and its Experimental Verification.&#8221; Technische Mechanik, 40(1), pp. 66-76. ISSN 2199-9244. DOI: 10.24352\/UB.OVGU-2020-015.<br \/><br \/><\/p><p class=\"p1\">Schob, D.; Sagradov, I.; Roszak, R.; Sparr, H.; Franke, R.; Ziegenhorn, M.; Kupsch, A.; L\u00e9onard, F.; M\u00fcller, B.R.; Bruno, G. (2020): &#8220;Experimental determination and numerical simulation of material and damage behavior of 3D printed polyamide 12 under cyclic loading.&#8221; Engineering Fracture Mechanics. DOI:10.1016\/j.engfracmech.2019.106841.<br \/><br \/><\/p><p class=\"p1\">Schob, D.; Roszak, R.; Sagradov, I.; Sparr, H.; Ziegenhorn, M.; Kupsch, A.; L\u00e9onard, F.; M\u00fcller, B.R.; Bruno, G. (2019): &#8220;Experimental determination and numerical simulation of material and damage behavior of 3D printed polyamide 12 under quasi-static loading.&#8221; Archives of Mechanics, 71, pp. 507-526. DOI:10.24423\/aom.3162.<br \/><br \/><\/p><p class=\"p1\">Franke, R.; Schob, D.; Ziegenhorn, M. (2017): &#8220;Testing methods and numerical simulation of mechanical properties of 3D-printed thermoplastic polymers.&#8221; In: Richard, H.; Schramm, B.; Zipsner, T. (eds.), Additive Manufacturing of Components and Structures, Springer Vieweg, Wiesbaden, pp. 137-158. DOI: 10.1007\/978-3-658-17780-5_9. Print ISBN: 978-3-658-17779-9.<br \/><br \/><br \/>Ziegenhorn, M.; Grzelak, E.; Sawicki, M.; Schob, D.; Sparr, H. (2016): &#8220;Chaboche Material Model and Thermo-Mechanical Behavior of Polymers with respect to Fatigue.&#8221; XIII International Conference on Computer-Aided Engineering, TU Wroclaw.<\/p>\t\t\t\t\t\t\t\t<\/div>\n\t\t\t\t<\/div>\n\t\t\t\t<\/div>\n\t\t\t\t<\/div>\n\t\t\t\t\t<\/div>\n\t\t\t\t<\/div>\n\t\t<div class=\"elementor-element elementor-element-b58c7a9 e-flex e-con-boxed e-con e-parent\" data-id=\"b58c7a9\" data-element_type=\"container\" data-settings=\"{&quot;background_background&quot;:&quot;classic&quot;}\">\n\t\t\t\t\t<div class=\"e-con-inner\">\n\t\t\t\t<div class=\"elementor-element elementor-element-3beceb2 elementor-view-default elementor-widget elementor-widget-icon\" data-id=\"3beceb2\" data-element_type=\"widget\" data-widget_type=\"icon.default\">\n\t\t\t\t<div class=\"elementor-widget-container\">\n\t\t\t\t\t\t\t<div class=\"elementor-icon-wrapper\">\n\t\t\t<div class=\"elementor-icon\">\n\t\t\t<svg xmlns=\"http:\/\/www.w3.org\/2000\/svg\" width=\"38\" height=\"28\" viewBox=\"0 0 38 28\" fill=\"none\"><path d=\"M33.1414 16.1572C34.7163 16.1668 36.1335 16.2574 37.2507 16.3574C36.1299 22.9668 30.3784 28 23.45 28C19.8968 28 16.6539 26.6752 14.1853 24.4941C15.5342 22.4824 17.7288 20.0584 21.1287 18.3584C24.7049 16.5703 29.3511 16.1342 33.1414 16.1572ZM23.45 0C31.1819 0 37.45 6.26801 37.45 14C37.45 14.3678 37.4348 14.7321 37.407 15.0928C36.803 14.8861 36.1268 14.6421 35.4207 14.3594C32.9492 13.3699 30.1874 11.9597 28.7576 10.2441C27.2822 8.47372 26.5875 7.17271 26.1941 6.32031C26.095 6.10555 26.0144 5.91789 25.9431 5.75293C25.8735 5.59184 25.809 5.44258 25.7468 5.32031C25.6867 5.20227 25.611 5.07266 25.5085 4.97168C25.4213 4.88587 25.3123 4.81833 25.1824 4.79004L25.0447 4.77539C24.8512 4.77553 24.7183 4.88626 24.6521 4.95312C24.58 5.02605 24.5199 5.11589 24.4705 5.19922C24.3704 5.36778 24.2598 5.60233 24.1394 5.86328C23.8923 6.39867 23.565 7.12547 23.0808 7.94824C22.1149 9.58948 20.5268 11.6109 17.7556 13.1504C15.5713 14.3639 12.7553 14.9807 10.4587 15.291C10.1333 15.335 9.81886 15.371 9.51929 15.4033C9.47335 14.9418 9.44995 14.4736 9.44995 14C9.44995 6.26801 15.718 0 23.45 0Z\" fill=\"#E4E3E8\"><\/path><path d=\"M7.54096 21C4.99069 18.7603 0 17.0607 0 17.0607C0 17.0607 12.7933 17.798 18.2933 14.798C23.7933 11.798 25.041 7 25.041 7C25.041 7 25.541 9.5 27.541 11.5C30.041 14 32.478 14.798 32.478 14.798C32.478 14.798 25.041 14.2472 18.541 18C13.4912 20.9155 11.1844 26.5717 11.1844 26.5717C11.1844 26.5717 9.77862 22.9651 7.54096 21Z\" fill=\"#E4E3E8\"><\/path><\/svg>\t\t\t<\/div>\n\t\t<\/div>\n\t\t\t\t\t\t<\/div>\n\t\t\t\t<\/div>\n\t\t<div class=\"elementor-element elementor-element-c73e6e9 e-con-full e-flex e-con e-child\" data-id=\"c73e6e9\" data-element_type=\"container\">\n\t\t\t\t<div class=\"elementor-element elementor-element-dd27fe4 elementor-widget elementor-widget-heading\" data-id=\"dd27fe4\" data-element_type=\"widget\" data-widget_type=\"heading.default\">\n\t\t\t\t<div class=\"elementor-widget-container\">\n\t\t\t\t\t<h2 class=\"elementor-heading-title elementor-size-default\"><a href=\"https:\/\/view.unaro.de\/index.php\/home\/\">\u00dcber Uns<\/a><\/h2>\t\t\t\t<\/div>\n\t\t\t\t<\/div>\n\t\t\t\t<div class=\"elementor-element elementor-element-8b8f252 elementor-widget elementor-widget-heading\" data-id=\"8b8f252\" data-element_type=\"widget\" data-widget_type=\"heading.default\">\n\t\t\t\t<div class=\"elementor-widget-container\">\n\t\t\t\t\t<h2 class=\"elementor-heading-title elementor-size-default\"><a href=\"https:\/\/view.unaro.de\/index.php\/home\/\">Kunden<\/a><\/h2>\t\t\t\t<\/div>\n\t\t\t\t<\/div>\n\t\t\t\t<div class=\"elementor-element elementor-element-77e6ac4 elementor-widget elementor-widget-heading\" data-id=\"77e6ac4\" data-element_type=\"widget\" data-widget_type=\"heading.default\">\n\t\t\t\t<div class=\"elementor-widget-container\">\n\t\t\t\t\t<h2 class=\"elementor-heading-title elementor-size-default\"><a href=\"https:\/\/view.unaro.de\/index.php\/home\/\">Kompetenzen<\/a><\/h2>\t\t\t\t<\/div>\n\t\t\t\t<\/div>\n\t\t\t\t<div class=\"elementor-element elementor-element-c4ff947 elementor-widget elementor-widget-heading\" data-id=\"c4ff947\" data-element_type=\"widget\" data-widget_type=\"heading.default\">\n\t\t\t\t<div class=\"elementor-widget-container\">\n\t\t\t\t\t<h2 class=\"elementor-heading-title elementor-size-default\"><a href=\"https:\/\/view.unaro.de\/index.php\/home\/\">Projekte<\/a><\/h2>\t\t\t\t<\/div>\n\t\t\t\t<\/div>\n\t\t\t\t<div class=\"elementor-element elementor-element-42500fe elementor-widget elementor-widget-heading\" data-id=\"42500fe\" data-element_type=\"widget\" data-widget_type=\"heading.default\">\n\t\t\t\t<div class=\"elementor-widget-container\">\n\t\t\t\t\t<h2 class=\"elementor-heading-title elementor-size-default\"><a href=\"https:\/\/view.unaro.de\/index.php\/wissenschaft\/\">Wissenschaft<\/a><\/h2>\t\t\t\t<\/div>\n\t\t\t\t<\/div>\n\t\t\t\t<div class=\"elementor-element elementor-element-20b2e14 elementor-widget elementor-widget-heading\" data-id=\"20b2e14\" data-element_type=\"widget\" data-widget_type=\"heading.default\">\n\t\t\t\t<div class=\"elementor-widget-container\">\n\t\t\t\t\t<h2 class=\"elementor-heading-title elementor-size-default\"><a href=\"https:\/\/view.unaro.de\/index.php\/zulassungen\/\">Zulassungen<\/a><\/h2>\t\t\t\t<\/div>\n\t\t\t\t<\/div>\n\t\t\t\t<div class=\"elementor-element elementor-element-9a83e1f elementor-widget elementor-widget-heading\" data-id=\"9a83e1f\" data-element_type=\"widget\" data-widget_type=\"heading.default\">\n\t\t\t\t<div class=\"elementor-widget-container\">\n\t\t\t\t\t<h2 class=\"elementor-heading-title elementor-size-default\"><a href=\"https:\/\/view.unaro.de\/index.php\/jobs\/\">Jobs<\/a><\/h2>\t\t\t\t<\/div>\n\t\t\t\t<\/div>\n\t\t\t\t<div class=\"elementor-element elementor-element-e56a46b elementor-widget elementor-widget-heading\" data-id=\"e56a46b\" data-element_type=\"widget\" data-widget_type=\"heading.default\">\n\t\t\t\t<div class=\"elementor-widget-container\">\n\t\t\t\t\t<h2 class=\"elementor-heading-title elementor-size-default\"><a href=\"https:\/\/view.unaro.de\/index.php\/impressum\/\">Impressum<\/a><\/h2>\t\t\t\t<\/div>\n\t\t\t\t<\/div>\n\t\t\t\t<\/div>\n\t\t\t\t<div class=\"elementor-element elementor-element-a41415b elementor-widget__width-initial elementor-widget elementor-widget-text-editor\" data-id=\"a41415b\" data-element_type=\"widget\" data-widget_type=\"text-editor.default\">\n\t\t\t\t<div class=\"elementor-widget-container\">\n\t\t\t\t\t\t\t\t\t<p>\u00a9 2025 DDSTATIK. All rights reserved<\/p>\t\t\t\t\t\t\t\t<\/div>\n\t\t\t\t<\/div>\n\t\t\t\t\t<\/div>\n\t\t\t\t<\/div>\n\t\t\t\t<\/div>\n\t\t","protected":false},"excerpt":{"rendered":"<p>\u00dcber Uns Kunden Kompetenzen Projekte Wissenschaft Zulassungen Jobs Jetzt kontaktieren Kontakt Projekte Kompetenzen Hamburger Toggle Menu Wissenschaft 20+ Jahre fachliche Expertise und Bildungstransfer In den Jahren 2005 \u2013 2025 ist M. Ziegenhorn Inhaber des Lehrstuhls Technische Mechanik und Maschinendynamik. 2023 war M. Ziegenhorn Gastprofessor am Polytechnikum Poznanund 2024 an der Universit\u00e4t Zielona Gora. Einen \u00dcberblick [&hellip;]<\/p>\n","protected":false},"author":1,"featured_media":0,"parent":0,"menu_order":0,"comment_status":"closed","ping_status":"closed","template":"","meta":{"footnotes":""},"class_list":["post-624","page","type-page","status-publish","hentry"],"_links":{"self":[{"href":"https:\/\/view.unaro.de\/index.php\/wp-json\/wp\/v2\/pages\/624","targetHints":{"allow":["GET"]}}],"collection":[{"href":"https:\/\/view.unaro.de\/index.php\/wp-json\/wp\/v2\/pages"}],"about":[{"href":"https:\/\/view.unaro.de\/index.php\/wp-json\/wp\/v2\/types\/page"}],"author":[{"embeddable":true,"href":"https:\/\/view.unaro.de\/index.php\/wp-json\/wp\/v2\/users\/1"}],"replies":[{"embeddable":true,"href":"https:\/\/view.unaro.de\/index.php\/wp-json\/wp\/v2\/comments?post=624"}],"version-history":[{"count":33,"href":"https:\/\/view.unaro.de\/index.php\/wp-json\/wp\/v2\/pages\/624\/revisions"}],"predecessor-version":[{"id":766,"href":"https:\/\/view.unaro.de\/index.php\/wp-json\/wp\/v2\/pages\/624\/revisions\/766"}],"wp:attachment":[{"href":"https:\/\/view.unaro.de\/index.php\/wp-json\/wp\/v2\/media?parent=624"}],"curies":[{"name":"wp","href":"https:\/\/api.w.org\/{rel}","templated":true}]}}