{"id":350,"date":"2025-10-14T23:36:41","date_gmt":"2025-10-14T23:36:41","guid":{"rendered":"https:\/\/view.unaro.de\/?page_id=350"},"modified":"2025-11-12T16:16:00","modified_gmt":"2025-11-12T16:16:00","slug":"impressum","status":"publish","type":"page","link":"https:\/\/view.unaro.de\/index.php\/impressum\/","title":{"rendered":"Impressum"},"content":{"rendered":"\t\t<div data-elementor-type=\"wp-page\" data-elementor-id=\"350\" class=\"elementor elementor-350\">\n\t\t\t\t<div class=\"elementor-element elementor-element-05992c9 e-flex e-con-boxed e-con e-parent\" data-id=\"05992c9\" data-element_type=\"container\" data-settings=\"{&quot;background_background&quot;:&quot;classic&quot;}\">\n\t\t\t\t\t<div class=\"e-con-inner\">\n\t\t\t\t<div class=\"elementor-element elementor-element-b0c23b3 elementor-view-default elementor-widget elementor-widget-icon\" data-id=\"b0c23b3\" data-element_type=\"widget\" data-widget_type=\"icon.default\">\n\t\t\t\t<div class=\"elementor-widget-container\">\n\t\t\t\t\t\t\t<div class=\"elementor-icon-wrapper\">\n\t\t\t<div class=\"elementor-icon\">\n\t\t\t<svg xmlns=\"http:\/\/www.w3.org\/2000\/svg\" width=\"38\" height=\"28\" viewBox=\"0 0 38 28\" fill=\"none\"><path d=\"M33.1414 16.1572C34.7163 16.1668 36.1335 16.2574 37.2507 16.3574C36.1299 22.9668 30.3784 28 23.45 28C19.8968 28 16.6539 26.6752 14.1853 24.4941C15.5342 22.4824 17.7288 20.0584 21.1287 18.3584C24.7049 16.5703 29.3511 16.1342 33.1414 16.1572ZM23.45 0C31.1819 0 37.45 6.26801 37.45 14C37.45 14.3678 37.4348 14.7321 37.407 15.0928C36.803 14.8861 36.1268 14.6421 35.4207 14.3594C32.9492 13.3699 30.1874 11.9597 28.7576 10.2441C27.2822 8.47372 26.5875 7.17271 26.1941 6.32031C26.095 6.10555 26.0144 5.91789 25.9431 5.75293C25.8735 5.59184 25.809 5.44258 25.7468 5.32031C25.6867 5.20227 25.611 5.07266 25.5085 4.97168C25.4213 4.88587 25.3123 4.81833 25.1824 4.79004L25.0447 4.77539C24.8512 4.77553 24.7183 4.88626 24.6521 4.95312C24.58 5.02605 24.5199 5.11589 24.4705 5.19922C24.3704 5.36778 24.2598 5.60233 24.1394 5.86328C23.8923 6.39867 23.565 7.12547 23.0808 7.94824C22.1149 9.58948 20.5268 11.6109 17.7556 13.1504C15.5713 14.3639 12.7553 14.9807 10.4587 15.291C10.1333 15.335 9.81886 15.371 9.51929 15.4033C9.47335 14.9418 9.44995 14.4736 9.44995 14C9.44995 6.26801 15.718 0 23.45 0Z\" fill=\"#E4E3E8\"><\/path><path d=\"M7.54096 21C4.99069 18.7603 0 17.0607 0 17.0607C0 17.0607 12.7933 17.798 18.2933 14.798C23.7933 11.798 25.041 7 25.041 7C25.041 7 25.541 9.5 27.541 11.5C30.041 14 32.478 14.798 32.478 14.798C32.478 14.798 25.041 14.2472 18.541 18C13.4912 20.9155 11.1844 26.5717 11.1844 26.5717C11.1844 26.5717 9.77862 22.9651 7.54096 21Z\" fill=\"#E4E3E8\"><\/path><\/svg>\t\t\t<\/div>\n\t\t<\/div>\n\t\t\t\t\t\t<\/div>\n\t\t\t\t<\/div>\n\t\t<div class=\"elementor-element elementor-element-cda36af e-con-full elementor-hidden-tablet elementor-hidden-mobile e-flex e-con e-child\" data-id=\"cda36af\" data-element_type=\"container\">\n\t\t\t\t<div class=\"elementor-element elementor-element-ed9feb2 elementor-widget elementor-widget-heading\" data-id=\"ed9feb2\" data-element_type=\"widget\" data-widget_type=\"heading.default\">\n\t\t\t\t<div class=\"elementor-widget-container\">\n\t\t\t\t\t<h2 class=\"elementor-heading-title elementor-size-default\"><a href=\"https:\/\/view.unaro.de\/index.php\/home\/#uberuns\">\u00dcber Uns<\/a><\/h2>\t\t\t\t<\/div>\n\t\t\t\t<\/div>\n\t\t\t\t<div class=\"elementor-element elementor-element-13e5b26 elementor-widget elementor-widget-heading\" data-id=\"13e5b26\" data-element_type=\"widget\" data-widget_type=\"heading.default\">\n\t\t\t\t<div class=\"elementor-widget-container\">\n\t\t\t\t\t<h2 class=\"elementor-heading-title elementor-size-default\"><a href=\"https:\/\/view.unaro.de\/index.php\/home\/#kunden\">Kunden<\/a><\/h2>\t\t\t\t<\/div>\n\t\t\t\t<\/div>\n\t\t\t\t<div class=\"elementor-element elementor-element-ec38682 elementor-widget elementor-widget-heading\" data-id=\"ec38682\" data-element_type=\"widget\" data-widget_type=\"heading.default\">\n\t\t\t\t<div class=\"elementor-widget-container\">\n\t\t\t\t\t<h2 class=\"elementor-heading-title elementor-size-default\"><a href=\"https:\/\/view.unaro.de\/index.php\/home\/#kompetenzen\">Kompetenzen<\/a><\/h2>\t\t\t\t<\/div>\n\t\t\t\t<\/div>\n\t\t\t\t<div class=\"elementor-element elementor-element-8f7960e elementor-widget elementor-widget-heading\" data-id=\"8f7960e\" data-element_type=\"widget\" data-widget_type=\"heading.default\">\n\t\t\t\t<div class=\"elementor-widget-container\">\n\t\t\t\t\t<h2 class=\"elementor-heading-title elementor-size-default\"><a href=\"https:\/\/view.unaro.de\/index.php\/home\/#projekte\">Projekte<\/a><\/h2>\t\t\t\t<\/div>\n\t\t\t\t<\/div>\n\t\t\t\t<div class=\"elementor-element elementor-element-89aecfd elementor-widget elementor-widget-heading\" data-id=\"89aecfd\" data-element_type=\"widget\" data-widget_type=\"heading.default\">\n\t\t\t\t<div class=\"elementor-widget-container\">\n\t\t\t\t\t<h2 class=\"elementor-heading-title elementor-size-default\"><a href=\"https:\/\/view.unaro.de\/index.php\/wissenschaft\/\">Wissenschaft<\/a><\/h2>\t\t\t\t<\/div>\n\t\t\t\t<\/div>\n\t\t\t\t<div class=\"elementor-element elementor-element-921b192 elementor-widget elementor-widget-heading\" data-id=\"921b192\" data-element_type=\"widget\" data-widget_type=\"heading.default\">\n\t\t\t\t<div class=\"elementor-widget-container\">\n\t\t\t\t\t<h2 class=\"elementor-heading-title elementor-size-default\"><a href=\"https:\/\/view.unaro.de\/index.php\/zulassungen\/\">Zulassungen<\/a><\/h2>\t\t\t\t<\/div>\n\t\t\t\t<\/div>\n\t\t\t\t<div class=\"elementor-element elementor-element-ae73fb6 elementor-widget elementor-widget-heading\" data-id=\"ae73fb6\" data-element_type=\"widget\" data-widget_type=\"heading.default\">\n\t\t\t\t<div class=\"elementor-widget-container\">\n\t\t\t\t\t<h2 class=\"elementor-heading-title elementor-size-default\"><a href=\"https:\/\/view.unaro.de\/index.php\/jobs\/\">Jobs<\/a><\/h2>\t\t\t\t<\/div>\n\t\t\t\t<\/div>\n\t\t\t\t<\/div>\n\t\t\t\t<div class=\"elementor-element elementor-element-845d017 elementor-align-center elementor-hidden-tablet elementor-hidden-mobile elementor-widget elementor-widget-button\" data-id=\"845d017\" data-element_type=\"widget\" data-widget_type=\"button.default\">\n\t\t\t\t<div class=\"elementor-widget-container\">\n\t\t\t\t\t\t\t\t\t<div class=\"elementor-button-wrapper\">\n\t\t\t\t\t<a class=\"elementor-button elementor-button-link elementor-size-sm\" href=\"#kontakt\">\n\t\t\t\t\t\t<span class=\"elementor-button-content-wrapper\">\n\t\t\t\t\t\t\t\t\t<span class=\"elementor-button-text\">Jetzt kontaktieren<\/span>\n\t\t\t\t\t<\/span>\n\t\t\t\t\t<\/a>\n\t\t\t\t<\/div>\n\t\t\t\t\t\t\t\t<\/div>\n\t\t\t\t<\/div>\n\t\t<div class=\"elementor-element elementor-element-b918992 e-con-full elementor-hidden-desktop e-flex e-con e-child\" data-id=\"b918992\" data-element_type=\"container\">\n\t\t\t\t<div class=\"elementor-element elementor-element-0112287 elementor-align-center elementor-tablet-align-right elementor-hidden-desktop elementor-widget elementor-widget-button\" data-id=\"0112287\" data-element_type=\"widget\" data-widget_type=\"button.default\">\n\t\t\t\t<div class=\"elementor-widget-container\">\n\t\t\t\t\t\t\t\t\t<div class=\"elementor-button-wrapper\">\n\t\t\t\t\t<a class=\"elementor-button elementor-button-link elementor-size-sm\" href=\"#\">\n\t\t\t\t\t\t<span class=\"elementor-button-content-wrapper\">\n\t\t\t\t\t\t\t\t\t<span class=\"elementor-button-text\">Kontakt<\/span>\n\t\t\t\t\t<\/span>\n\t\t\t\t\t<\/a>\n\t\t\t\t<\/div>\n\t\t\t\t\t\t\t\t<\/div>\n\t\t\t\t<\/div>\n\t\t\t\t<div class=\"elementor-element elementor-element-b8a9660 elementor-hidden-desktop eael-simple-menu-hamburger-align-right eael-hamburger--tablet elementor-widget elementor-widget-eael-simple-menu\" data-id=\"b8a9660\" data-element_type=\"widget\" data-widget_type=\"eael-simple-menu.default\">\n\t\t\t\t<div class=\"elementor-widget-container\">\n\t\t\t\t\t<style>\n                        @media screen and (max-width: 1024px) {\n                            .eael-hamburger--tablet {\n                                .eael-simple-menu-horizontal,\n                                .eael-simple-menu-vertical {\n                                    display: none;\n                                }\n                            }\n                            .eael-hamburger--tablet {\n                                .eael-simple-menu-container .eael-simple-menu-toggle {\n                                    display: block;\n                                }\n                            }\n                        }\n                    <\/style>            <div data-hamburger-icon=\"&lt;i aria-hidden=&quot;true&quot; class=&quot;fas fa-bars&quot;&gt;&lt;\/i&gt;\" data-indicator-icon=\"&lt;i aria-hidden=&quot;true&quot; class=&quot;fas fa-angle-down&quot;&gt;&lt;\/i&gt;\" data-dropdown-indicator-icon=\"&lt;i class=&quot;fas fa-angle-down&quot;&gt;&lt;\/i&gt;\" class=\"eael-simple-menu-container eael-simple-menu-align-left eael-simple-menu--stretch eael-simple-menu-dropdown-align-left preset-1\" data-hamburger-breakpoints=\"{&quot;mobile&quot;:&quot;Mobile Portrait (&gt; 767px)&quot;,&quot;tablet&quot;:&quot;Tablet Portrait (&gt; 1024px)&quot;,&quot;desktop&quot;:&quot;Desktop (&gt; 2400px)&quot;,&quot;none&quot;:&quot;None&quot;}\" data-hamburger-device=\"tablet\">\n                <ul id=\"menu-menu\" class=\"eael-simple-menu eael-simple-menu-dropdown-animate-to-top eael-simple-menu-indicator eael-simple-menu-vertical\"><li id=\"menu-item-206\" class=\"menu-item menu-item-type-custom menu-item-object-custom menu-item-home menu-item-206\"><a href=\"https:\/\/view.unaro.de\/#projekte\">Projekte<\/a><\/li>\n<li id=\"menu-item-207\" class=\"menu-item menu-item-type-custom menu-item-object-custom menu-item-home menu-item-207\"><a href=\"https:\/\/view.unaro.de\/#kompetenzen\">Kompetenzen<\/a><\/li>\n<\/ul>                <button class=\"eael-simple-menu-toggle\">\n                    <span class=\"sr-only \">Hamburger Toggle Menu<\/span>\n                    <i aria-hidden=\"true\" class=\"fas fa-bars\"><\/i>                <\/button>\n            <\/div>\n            \t\t\t\t<\/div>\n\t\t\t\t<\/div>\n\t\t\t\t<\/div>\n\t\t\t\t\t<\/div>\n\t\t\t\t<\/div>\n\t\t<div class=\"elementor-element elementor-element-dd29497 e-flex e-con-boxed e-con e-parent\" data-id=\"dd29497\" data-element_type=\"container\" id=\"projekte\">\n\t\t\t\t\t<div class=\"e-con-inner\">\n\t\t<div class=\"elementor-element elementor-element-dd0e31e e-con-full e-flex e-con e-child\" data-id=\"dd0e31e\" data-element_type=\"container\">\n\t\t<div class=\"elementor-element elementor-element-81a3d4d e-con-full e-flex e-con e-child\" data-id=\"81a3d4d\" data-element_type=\"container\">\n\t\t\t\t<div class=\"elementor-element elementor-element-1ccc871 elementor-widget__width-initial elementor-widget elementor-widget-text-editor\" data-id=\"1ccc871\" data-element_type=\"widget\" data-widget_type=\"text-editor.default\">\n\t\t\t\t<div class=\"elementor-widget-container\">\n\t\t\t\t\t\t\t\t\t<div id=\"c286\" class=\"csc-default\"><p class=\"bodytext\">KORDES + ZIEGENHORN Partner<br \/>Beratende Ingenieure VBI mbB<br \/>Emil-Ueberall-Stra\u00dfe 5<br \/>01159 Dresden<\/p><p class=\"bodytext\">Telefon:\u00a0\u00a0 \u00a0+49 (0)351\/42396-0<br \/>Telefax:\u00a0\u00a0 \u00a0+49 (0)351\/42396-99<br \/>E-Mail: \u00a0\u00a0 \u00a0\u00a0<a class=\"mail\">buero<img decoding=\"async\" src=\"https:\/\/www.ddstatik.de\/fileadmin\/grafiken\/clear_01.gif\" alt=\"\" width=\"1px\" height=\"1px\" border=\"0\" \/>@<img decoding=\"async\" src=\"https:\/\/www.ddstatik.de\/fileadmin\/grafiken\/clear_01.gif\" alt=\"\" width=\"1px\" height=\"1px\" border=\"0\" \/>ddstatik.de<\/a><\/p><p class=\"bodytext\">Gesch\u00e4ftsf\u00fchrer: Dr. Matthias Ziegenhorn<\/p><p class=\"bodytext\">Partnerschaftsregister des Amtsgerichts Dresden: PR 67<\/p><p class=\"bodytext\">Umsatzsteuer-ID-Nr.: DE185966960<\/p><\/div><div id=\"c316\" class=\"csc-default\"><p class=\"bodytext\">Konzeption und Gestaltung:\u00a0 Sylvia Heinle, Dresden\/Gohrisch<\/p><\/div><div id=\"c318\" class=\"csc-default\"><p class=\"bodytext\">Fotos: Kordes + Ziegenhorn Partner und Gesch\u00e4ftspartner.<br \/>Alle Rechte Vorbehalten.<\/p><\/div><div id=\"c319\" class=\"csc-default\"><p class=\"bodytext\">Haftungshinweis<br \/>Trotz sorgf\u00e4ltiger inhaltlicher Kontrolle \u00fcbernehmen wir keine Haftung f\u00fcr die Inhalte externer Links. F\u00fcr den Inhalt der verlinkten Seiten sind ausschlie\u00dflich deren Betreiber verantwortlich.UrheberrechtshinweisLayout, Texte, Bilder und Grafiken dieser Seite sind gesetzlich gesch\u00fctzt. Dies gilt insbesondere f\u00fcr Marken- und Patentrechte, aber auch f\u00fcr alle anderen Formen geistiger Eigentumsrechte. Es ist nicht gestattet, einzelne Inhalte dieser Seite ganz oder in Teilen und\/oder ganze Seiten zu vervielf\u00e4ltigen oder zu verbreiten. Verst\u00f6\u00dfe werden sowohl zivil- als auch strafrechtlich verfolgt.<\/p><\/div><div id=\"c321\" class=\"csc-default\"><p class=\"bodytext\">F\u00fcr Verbesserungsvorschl\u00e4ge, Kritik und Lob in Form einer\u00a0<strong><a class=\"mail\">E-Mail<\/a><\/strong>\u00a0sind die Betreuer dieser Seiten jederzeit offen.<\/p><\/div>\t\t\t\t\t\t\t\t<\/div>\n\t\t\t\t<\/div>\n\t\t\t\t<\/div>\n\t\t<div class=\"elementor-element elementor-element-f7ac447 e-con-full e-flex e-con e-child\" data-id=\"f7ac447\" data-element_type=\"container\">\n\t\t\t\t<div class=\"elementor-element elementor-element-f59629c elementor-widget__width-inherit elementor-widget elementor-widget-heading\" data-id=\"f59629c\" data-element_type=\"widget\" data-widget_type=\"heading.default\">\n\t\t\t\t<div class=\"elementor-widget-container\">\n\t\t\t\t\t<h2 class=\"elementor-heading-title elementor-size-default\">Angaben gem\u00e4\u00df \u00a7 5 TMG<\/h2>\t\t\t\t<\/div>\n\t\t\t\t<\/div>\n\t\t\t\t<\/div>\n\t\t\t\t<\/div>\n\t\t\t\t\t<\/div>\n\t\t\t\t<\/div>\n\t\t<div class=\"elementor-element elementor-element-e25628b e-flex e-con-boxed e-con e-parent\" data-id=\"e25628b\" data-element_type=\"container\">\n\t\t\t\t\t<div class=\"e-con-inner\">\n\t\t\t\t<div class=\"elementor-element elementor-element-214fce8 elementor-widget__width-inherit elementor-widget elementor-widget-heading\" data-id=\"214fce8\" data-element_type=\"widget\" data-widget_type=\"heading.default\">\n\t\t\t\t<div class=\"elementor-widget-container\">\n\t\t\t\t\t<h2 class=\"elementor-heading-title elementor-size-default\">Wir helfen Ihnen beim Bauen.<\/h2>\t\t\t\t<\/div>\n\t\t\t\t<\/div>\n\t\t\t\t<div class=\"elementor-element elementor-element-77cbba0 elementor-widget__width-initial elementor-widget elementor-widget-text-editor\" data-id=\"77cbba0\" data-element_type=\"widget\" data-widget_type=\"text-editor.default\">\n\t\t\t\t<div class=\"elementor-widget-container\">\n\t\t\t\t\t\t\t\t\t<p>\u00dcber 17 Jahre Erfahrung in der Schaffung von R\u00e4umen, die das Leben der Menschen positiv beeinflussen.<\/p>\t\t\t\t\t\t\t\t<\/div>\n\t\t\t\t<\/div>\n\t\t<div class=\"elementor-element elementor-element-55a2cba e-con-full e-flex e-con e-child\" data-id=\"55a2cba\" data-element_type=\"container\" data-settings=\"{&quot;background_background&quot;:&quot;classic&quot;}\">\n\t\t<div class=\"elementor-element elementor-element-d4aa5c2 e-con-full e-flex e-con e-child\" data-id=\"d4aa5c2\" data-element_type=\"container\">\n\t\t\t\t<div class=\"elementor-element elementor-element-29d835b elementor-widget__width-initial elementor-widget elementor-widget-heading\" data-id=\"29d835b\" data-element_type=\"widget\" data-widget_type=\"heading.default\">\n\t\t\t\t<div class=\"elementor-widget-container\">\n\t\t\t\t\t<h2 class=\"elementor-heading-title elementor-size-default\">Kontaktieren Sie uns<\/h2>\t\t\t\t<\/div>\n\t\t\t\t<\/div>\n\t\t<div class=\"elementor-element elementor-element-c188f82 e-con-full e-flex e-con e-child\" data-id=\"c188f82\" data-element_type=\"container\">\n\t\t\t\t<div class=\"elementor-element elementor-element-661a2c4 elementor-view-framed elementor-shape-square elementor-widget elementor-widget-icon\" data-id=\"661a2c4\" data-element_type=\"widget\" data-widget_type=\"icon.default\">\n\t\t\t\t<div class=\"elementor-widget-container\">\n\t\t\t\t\t\t\t<div class=\"elementor-icon-wrapper\">\n\t\t\t<div class=\"elementor-icon\">\n\t\t\t<i aria-hidden=\"true\" class=\"far fa-envelope\"><\/i>\t\t\t<\/div>\n\t\t<\/div>\n\t\t\t\t\t\t<\/div>\n\t\t\t\t<\/div>\n\t\t<div class=\"elementor-element elementor-element-0d2ecfb e-con-full e-flex e-con e-child\" data-id=\"0d2ecfb\" data-element_type=\"container\" data-settings=\"{&quot;background_background&quot;:&quot;classic&quot;}\">\n\t\t\t\t<div class=\"elementor-element elementor-element-1e5491a elementor-widget elementor-widget-heading\" data-id=\"1e5491a\" data-element_type=\"widget\" data-widget_type=\"heading.default\">\n\t\t\t\t<div class=\"elementor-widget-container\">\n\t\t\t\t\t<h2 class=\"elementor-heading-title elementor-size-default\">info@ddstatik.de<\/h2>\t\t\t\t<\/div>\n\t\t\t\t<\/div>\n\t\t\t\t<\/div>\n\t\t\t\t<\/div>\n\t\t<div class=\"elementor-element elementor-element-f1c71c3 e-con-full e-flex e-con e-child\" data-id=\"f1c71c3\" data-element_type=\"container\">\n\t\t\t\t<div class=\"elementor-element elementor-element-9a3ed8c elementor-view-framed elementor-shape-square elementor-widget elementor-widget-icon\" data-id=\"9a3ed8c\" data-element_type=\"widget\" data-widget_type=\"icon.default\">\n\t\t\t\t<div class=\"elementor-widget-container\">\n\t\t\t\t\t\t\t<div class=\"elementor-icon-wrapper\">\n\t\t\t<div class=\"elementor-icon\">\n\t\t\t<i aria-hidden=\"true\" class=\"fas fa-phone\"><\/i>\t\t\t<\/div>\n\t\t<\/div>\n\t\t\t\t\t\t<\/div>\n\t\t\t\t<\/div>\n\t\t<div class=\"elementor-element elementor-element-951161f e-con-full e-flex e-con e-child\" data-id=\"951161f\" data-element_type=\"container\" data-settings=\"{&quot;background_background&quot;:&quot;classic&quot;}\">\n\t\t\t\t<div class=\"elementor-element elementor-element-079ee81 elementor-widget elementor-widget-heading\" data-id=\"079ee81\" data-element_type=\"widget\" data-widget_type=\"heading.default\">\n\t\t\t\t<div class=\"elementor-widget-container\">\n\t\t\t\t\t<h2 class=\"elementor-heading-title elementor-size-default\">+49145777380<\/h2>\t\t\t\t<\/div>\n\t\t\t\t<\/div>\n\t\t\t\t<\/div>\n\t\t\t\t<\/div>\n\t\t\t\t<\/div>\n\t\t\t\t<\/div>\n\t\t\t\t\t<\/div>\n\t\t\t\t<\/div>\n\t\t<div class=\"elementor-element elementor-element-f595e95 e-flex e-con-boxed e-con e-parent\" data-id=\"f595e95\" data-element_type=\"container\" data-settings=\"{&quot;background_background&quot;:&quot;classic&quot;}\">\n\t\t\t\t\t<div class=\"e-con-inner\">\n\t\t\t\t<div class=\"elementor-element elementor-element-c14dfd1 elementor-view-default elementor-widget elementor-widget-icon\" data-id=\"c14dfd1\" data-element_type=\"widget\" data-widget_type=\"icon.default\">\n\t\t\t\t<div class=\"elementor-widget-container\">\n\t\t\t\t\t\t\t<div class=\"elementor-icon-wrapper\">\n\t\t\t<div class=\"elementor-icon\">\n\t\t\t<svg xmlns=\"http:\/\/www.w3.org\/2000\/svg\" width=\"38\" height=\"28\" viewBox=\"0 0 38 28\" fill=\"none\"><path d=\"M33.1414 16.1572C34.7163 16.1668 36.1335 16.2574 37.2507 16.3574C36.1299 22.9668 30.3784 28 23.45 28C19.8968 28 16.6539 26.6752 14.1853 24.4941C15.5342 22.4824 17.7288 20.0584 21.1287 18.3584C24.7049 16.5703 29.3511 16.1342 33.1414 16.1572ZM23.45 0C31.1819 0 37.45 6.26801 37.45 14C37.45 14.3678 37.4348 14.7321 37.407 15.0928C36.803 14.8861 36.1268 14.6421 35.4207 14.3594C32.9492 13.3699 30.1874 11.9597 28.7576 10.2441C27.2822 8.47372 26.5875 7.17271 26.1941 6.32031C26.095 6.10555 26.0144 5.91789 25.9431 5.75293C25.8735 5.59184 25.809 5.44258 25.7468 5.32031C25.6867 5.20227 25.611 5.07266 25.5085 4.97168C25.4213 4.88587 25.3123 4.81833 25.1824 4.79004L25.0447 4.77539C24.8512 4.77553 24.7183 4.88626 24.6521 4.95312C24.58 5.02605 24.5199 5.11589 24.4705 5.19922C24.3704 5.36778 24.2598 5.60233 24.1394 5.86328C23.8923 6.39867 23.565 7.12547 23.0808 7.94824C22.1149 9.58948 20.5268 11.6109 17.7556 13.1504C15.5713 14.3639 12.7553 14.9807 10.4587 15.291C10.1333 15.335 9.81886 15.371 9.51929 15.4033C9.47335 14.9418 9.44995 14.4736 9.44995 14C9.44995 6.26801 15.718 0 23.45 0Z\" fill=\"#E4E3E8\"><\/path><path d=\"M7.54096 21C4.99069 18.7603 0 17.0607 0 17.0607C0 17.0607 12.7933 17.798 18.2933 14.798C23.7933 11.798 25.041 7 25.041 7C25.041 7 25.541 9.5 27.541 11.5C30.041 14 32.478 14.798 32.478 14.798C32.478 14.798 25.041 14.2472 18.541 18C13.4912 20.9155 11.1844 26.5717 11.1844 26.5717C11.1844 26.5717 9.77862 22.9651 7.54096 21Z\" fill=\"#E4E3E8\"><\/path><\/svg>\t\t\t<\/div>\n\t\t<\/div>\n\t\t\t\t\t\t<\/div>\n\t\t\t\t<\/div>\n\t\t<div class=\"elementor-element elementor-element-182742e e-con-full e-flex e-con e-child\" data-id=\"182742e\" data-element_type=\"container\">\n\t\t\t\t<div class=\"elementor-element elementor-element-46051ed elementor-widget elementor-widget-heading\" data-id=\"46051ed\" data-element_type=\"widget\" data-widget_type=\"heading.default\">\n\t\t\t\t<div class=\"elementor-widget-container\">\n\t\t\t\t\t<h2 class=\"elementor-heading-title elementor-size-default\"><a href=\"https:\/\/view.unaro.de\/index.php\/home\/\">\u00dcber Uns<\/a><\/h2>\t\t\t\t<\/div>\n\t\t\t\t<\/div>\n\t\t\t\t<div class=\"elementor-element elementor-element-ccaa41e elementor-widget elementor-widget-heading\" data-id=\"ccaa41e\" data-element_type=\"widget\" data-widget_type=\"heading.default\">\n\t\t\t\t<div class=\"elementor-widget-container\">\n\t\t\t\t\t<h2 class=\"elementor-heading-title elementor-size-default\"><a href=\"https:\/\/view.unaro.de\/index.php\/home\/\">Kunden<\/a><\/h2>\t\t\t\t<\/div>\n\t\t\t\t<\/div>\n\t\t\t\t<div class=\"elementor-element elementor-element-f5857fa elementor-widget elementor-widget-heading\" data-id=\"f5857fa\" data-element_type=\"widget\" data-widget_type=\"heading.default\">\n\t\t\t\t<div class=\"elementor-widget-container\">\n\t\t\t\t\t<h2 class=\"elementor-heading-title elementor-size-default\"><a href=\"https:\/\/view.unaro.de\/index.php\/home\/\">Kompetenzen<\/a><\/h2>\t\t\t\t<\/div>\n\t\t\t\t<\/div>\n\t\t\t\t<div class=\"elementor-element elementor-element-22f6c43 elementor-widget elementor-widget-heading\" data-id=\"22f6c43\" data-element_type=\"widget\" data-widget_type=\"heading.default\">\n\t\t\t\t<div class=\"elementor-widget-container\">\n\t\t\t\t\t<h2 class=\"elementor-heading-title elementor-size-default\"><a href=\"https:\/\/view.unaro.de\/index.php\/home\/\">Projekte<\/a><\/h2>\t\t\t\t<\/div>\n\t\t\t\t<\/div>\n\t\t\t\t<div class=\"elementor-element elementor-element-b798f71 elementor-widget elementor-widget-heading\" data-id=\"b798f71\" data-element_type=\"widget\" data-widget_type=\"heading.default\">\n\t\t\t\t<div class=\"elementor-widget-container\">\n\t\t\t\t\t<h2 class=\"elementor-heading-title elementor-size-default\"><a href=\"https:\/\/view.unaro.de\/index.php\/wissenschaft\/\">Wissenschaft<\/a><\/h2>\t\t\t\t<\/div>\n\t\t\t\t<\/div>\n\t\t\t\t<div class=\"elementor-element elementor-element-e022a70 elementor-widget elementor-widget-heading\" data-id=\"e022a70\" data-element_type=\"widget\" data-widget_type=\"heading.default\">\n\t\t\t\t<div class=\"elementor-widget-container\">\n\t\t\t\t\t<h2 class=\"elementor-heading-title elementor-size-default\"><a href=\"https:\/\/view.unaro.de\/index.php\/zulassungen\/\">Zulassungen<\/a><\/h2>\t\t\t\t<\/div>\n\t\t\t\t<\/div>\n\t\t\t\t<div class=\"elementor-element elementor-element-0cf0d9b elementor-widget elementor-widget-heading\" data-id=\"0cf0d9b\" data-element_type=\"widget\" data-widget_type=\"heading.default\">\n\t\t\t\t<div class=\"elementor-widget-container\">\n\t\t\t\t\t<h2 class=\"elementor-heading-title elementor-size-default\"><a href=\"https:\/\/view.unaro.de\/index.php\/jobs\/\">Jobs<\/a><\/h2>\t\t\t\t<\/div>\n\t\t\t\t<\/div>\n\t\t\t\t<div class=\"elementor-element elementor-element-26cd1bf elementor-widget elementor-widget-heading\" data-id=\"26cd1bf\" data-element_type=\"widget\" data-widget_type=\"heading.default\">\n\t\t\t\t<div class=\"elementor-widget-container\">\n\t\t\t\t\t<h2 class=\"elementor-heading-title elementor-size-default\"><a href=\"https:\/\/view.unaro.de\/index.php\/impressum\/\">Impressum<\/a><\/h2>\t\t\t\t<\/div>\n\t\t\t\t<\/div>\n\t\t\t\t<\/div>\n\t\t\t\t<div class=\"elementor-element elementor-element-22af3a6 elementor-widget__width-initial elementor-widget elementor-widget-text-editor\" data-id=\"22af3a6\" data-element_type=\"widget\" data-widget_type=\"text-editor.default\">\n\t\t\t\t<div class=\"elementor-widget-container\">\n\t\t\t\t\t\t\t\t\t<p>\u00a9 2025 DDSTATIK. All rights reserved<\/p>\t\t\t\t\t\t\t\t<\/div>\n\t\t\t\t<\/div>\n\t\t\t\t\t<\/div>\n\t\t\t\t<\/div>\n\t\t\t\t<\/div>\n\t\t","protected":false},"excerpt":{"rendered":"<p>\u00dcber Uns Kunden Kompetenzen Projekte Wissenschaft Zulassungen Jobs Jetzt kontaktieren Kontakt Projekte Kompetenzen Hamburger Toggle Menu KORDES + ZIEGENHORN PartnerBeratende Ingenieure VBI mbBEmil-Ueberall-Stra\u00dfe 501159 Dresden Telefon:\u00a0\u00a0 \u00a0+49 (0)351\/42396-0Telefax:\u00a0\u00a0 \u00a0+49 (0)351\/42396-99E-Mail: \u00a0\u00a0 \u00a0\u00a0buero@ddstatik.de Gesch\u00e4ftsf\u00fchrer: Dr. Matthias Ziegenhorn Partnerschaftsregister des Amtsgerichts Dresden: PR 67 Umsatzsteuer-ID-Nr.: DE185966960 Konzeption und Gestaltung:\u00a0 Sylvia Heinle, Dresden\/Gohrisch Fotos: Kordes + Ziegenhorn Partner [&hellip;]<\/p>\n","protected":false},"author":1,"featured_media":0,"parent":0,"menu_order":0,"comment_status":"closed","ping_status":"closed","template":"","meta":{"footnotes":""},"class_list":["post-350","page","type-page","status-publish","hentry"],"_links":{"self":[{"href":"https:\/\/view.unaro.de\/index.php\/wp-json\/wp\/v2\/pages\/350","targetHints":{"allow":["GET"]}}],"collection":[{"href":"https:\/\/view.unaro.de\/index.php\/wp-json\/wp\/v2\/pages"}],"about":[{"href":"https:\/\/view.unaro.de\/index.php\/wp-json\/wp\/v2\/types\/page"}],"author":[{"embeddable":true,"href":"https:\/\/view.unaro.de\/index.php\/wp-json\/wp\/v2\/users\/1"}],"replies":[{"embeddable":true,"href":"https:\/\/view.unaro.de\/index.php\/wp-json\/wp\/v2\/comments?post=350"}],"version-history":[{"count":34,"href":"https:\/\/view.unaro.de\/index.php\/wp-json\/wp\/v2\/pages\/350\/revisions"}],"predecessor-version":[{"id":775,"href":"https:\/\/view.unaro.de\/index.php\/wp-json\/wp\/v2\/pages\/350\/revisions\/775"}],"wp:attachment":[{"href":"https:\/\/view.unaro.de\/index.php\/wp-json\/wp\/v2\/media?parent=350"}],"curies":[{"name":"wp","href":"https:\/\/api.w.org\/{rel}","templated":true}]}}